{"id":7780,"date":"2023-10-11T14:04:08","date_gmt":"2023-10-11T12:04:08","guid":{"rendered":"https:\/\/www.comistorage.com\/it\/?post_type=product&#038;p=7780"},"modified":"2025-09-05T12:26:59","modified_gmt":"2025-09-05T10:26:59","slug":"sponde-per-benne","status":"publish","type":"product","link":"https:\/\/www.comistorage.com\/it\/prodotto\/sponde-per-benne\/","title":{"rendered":"Sponde per benne porta rottami"},"content":{"rendered":"<p>Kit sponde per aumentare la capacit\u00e0 delle benna.<br \/>\nGrazie al kit sponde \u00e8 possibile aumentare la capacit\u00e0 della benna anche in secondo momento poich\u00e8 le nostre benne hanno gi\u00e0 la predisposizione a tutti gli accessori. Le sponde sono realizzate in acciaio al carbonio e verniciate a polvere in RAL7016 e presentato tutte un&#8217;altezza di 500 mm.<\/p>\n","protected":false},"excerpt":{"rendered":"<p>Kit sponde per aumentare la capacit\u00e0 della benna<\/p>\n","protected":false},"featured_media":7781,"template":"","meta":{"_acf_changed":false},"codice-articolo":[416],"product_brand":[],"product_cat":[140],"product_tag":[],"class_list":{"0":"post-7780","1":"product","2":"type-product","3":"status-publish","4":"has-post-thumbnail","6":"codice-articolo-005581-005598-005604-005611","7":"product_cat-benne-porta-rottami","9":"first","10":"instock","11":"taxable","12":"shipping-taxable","13":"product-type-simple"},"acf":[],"yoast_head":"<!-- This site is optimized with the Yoast SEO plugin v27.3 - https:\/\/yoast.com\/product\/yoast-seo-wordpress\/ -->\n<title>Sponde per benne porta rottami - COMI<\/title>\n<meta name=\"description\" content=\"Kit sponda per aumentare la capacit\u00e0 della benna porta rottami. Altezza delle sponde 500 mm verniciate a polvere RAL 7016. Possibilit\u00e0 di montaggio in secondo momento\" \/>\n<meta name=\"robots\" content=\"index, follow, max-snippet:-1, max-image-preview:large, max-video-preview:-1\" \/>\n<link rel=\"canonical\" href=\"https:\/\/www.comistorage.com\/it\/prodotto\/sponde-per-benne\/\" \/>\n<meta property=\"og:locale\" content=\"it_IT\" \/>\n<meta property=\"og:type\" content=\"article\" \/>\n<meta property=\"og:title\" content=\"Sponde per benne porta rottami - COMI\" \/>\n<meta property=\"og:description\" content=\"Kit sponda per aumentare la capacit\u00e0 della benna porta rottami. Altezza delle sponde 500 mm verniciate a polvere RAL 7016. Possibilit\u00e0 di montaggio in secondo momento\" \/>\n<meta property=\"og:url\" content=\"https:\/\/www.comistorage.com\/it\/prodotto\/sponde-per-benne\/\" \/>\n<meta property=\"og:site_name\" content=\"COMI\" \/>\n<meta property=\"article:modified_time\" content=\"2025-09-05T10:26:59+00:00\" \/>\n<meta property=\"og:image\" content=\"https:\/\/www.comistorage.com\/wp-content\/uploads\/2023\/10\/005581-1.jpg\" \/>\n\t<meta property=\"og:image:width\" content=\"1200\" \/>\n\t<meta property=\"og:image:height\" content=\"630\" \/>\n\t<meta property=\"og:image:type\" content=\"image\/jpeg\" \/>\n<meta name=\"twitter:card\" content=\"summary_large_image\" \/>\n<meta name=\"twitter:label1\" content=\"Tempo di lettura stimato\" \/>\n\t<meta name=\"twitter:data1\" content=\"1 minuto\" \/>\n<script type=\"application\/ld+json\" class=\"yoast-schema-graph\">{\"@context\":\"https:\\\/\\\/schema.org\",\"@graph\":[{\"@type\":\"WebPage\",\"@id\":\"https:\\\/\\\/www.comistorage.com\\\/it\\\/prodotto\\\/sponde-per-benne\\\/\",\"url\":\"https:\\\/\\\/www.comistorage.com\\\/it\\\/prodotto\\\/sponde-per-benne\\\/\",\"name\":\"Sponde per benne porta rottami - COMI\",\"isPartOf\":{\"@id\":\"https:\\\/\\\/www.comistorage.com\\\/it\\\/#website\"},\"primaryImageOfPage\":{\"@id\":\"https:\\\/\\\/www.comistorage.com\\\/it\\\/prodotto\\\/sponde-per-benne\\\/#primaryimage\"},\"image\":{\"@id\":\"https:\\\/\\\/www.comistorage.com\\\/it\\\/prodotto\\\/sponde-per-benne\\\/#primaryimage\"},\"thumbnailUrl\":\"https:\\\/\\\/www.comistorage.com\\\/wp-content\\\/uploads\\\/2023\\\/10\\\/005581.jpg\",\"datePublished\":\"2023-10-11T12:04:08+00:00\",\"dateModified\":\"2025-09-05T10:26:59+00:00\",\"description\":\"Kit sponda per aumentare la capacit\u00e0 della benna porta rottami. Altezza delle sponde 500 mm verniciate a polvere RAL 7016. Possibilit\u00e0 di montaggio in secondo momento\",\"breadcrumb\":{\"@id\":\"https:\\\/\\\/www.comistorage.com\\\/it\\\/prodotto\\\/sponde-per-benne\\\/#breadcrumb\"},\"inLanguage\":\"it-IT\",\"potentialAction\":[{\"@type\":\"ReadAction\",\"target\":[\"https:\\\/\\\/www.comistorage.com\\\/it\\\/prodotto\\\/sponde-per-benne\\\/\"]}]},{\"@type\":\"ImageObject\",\"inLanguage\":\"it-IT\",\"@id\":\"https:\\\/\\\/www.comistorage.com\\\/it\\\/prodotto\\\/sponde-per-benne\\\/#primaryimage\",\"url\":\"https:\\\/\\\/www.comistorage.com\\\/wp-content\\\/uploads\\\/2023\\\/10\\\/005581.jpg\",\"contentUrl\":\"https:\\\/\\\/www.comistorage.com\\\/wp-content\\\/uploads\\\/2023\\\/10\\\/005581.jpg\",\"width\":1000,\"height\":1000},{\"@type\":\"BreadcrumbList\",\"@id\":\"https:\\\/\\\/www.comistorage.com\\\/it\\\/prodotto\\\/sponde-per-benne\\\/#breadcrumb\",\"itemListElement\":[{\"@type\":\"ListItem\",\"position\":1,\"name\":\"Home\",\"item\":\"https:\\\/\\\/www.comistorage.com\\\/it\\\/\"},{\"@type\":\"ListItem\",\"position\":2,\"name\":\"Prodotti\",\"item\":\"https:\\\/\\\/www.comistorage.com\\\/it\\\/prodotti\\\/\"},{\"@type\":\"ListItem\",\"position\":3,\"name\":\"Sponde per benne porta rottami\"}]},{\"@type\":\"WebSite\",\"@id\":\"https:\\\/\\\/www.comistorage.com\\\/it\\\/#website\",\"url\":\"https:\\\/\\\/www.comistorage.com\\\/it\\\/\",\"name\":\"COMI\",\"description\":\"Contenitori industriali\",\"publisher\":{\"@id\":\"https:\\\/\\\/www.comistorage.com\\\/it\\\/#organization\"},\"potentialAction\":[{\"@type\":\"SearchAction\",\"target\":{\"@type\":\"EntryPoint\",\"urlTemplate\":\"https:\\\/\\\/www.comistorage.com\\\/it\\\/?s={search_term_string}\"},\"query-input\":{\"@type\":\"PropertyValueSpecification\",\"valueRequired\":true,\"valueName\":\"search_term_string\"}}],\"inLanguage\":\"it-IT\"},{\"@type\":\"Organization\",\"@id\":\"https:\\\/\\\/www.comistorage.com\\\/it\\\/#organization\",\"name\":\"COMI\",\"url\":\"https:\\\/\\\/www.comistorage.com\\\/it\\\/\",\"logo\":{\"@type\":\"ImageObject\",\"inLanguage\":\"it-IT\",\"@id\":\"https:\\\/\\\/www.comistorage.com\\\/it\\\/#\\\/schema\\\/logo\\\/image\\\/\",\"url\":\"https:\\\/\\\/www.comistorage.com\\\/wp-content\\\/uploads\\\/2022\\\/10\\\/comi-logo.jpg\",\"contentUrl\":\"https:\\\/\\\/www.comistorage.com\\\/wp-content\\\/uploads\\\/2022\\\/10\\\/comi-logo.jpg\",\"width\":861,\"height\":207,\"caption\":\"COMI\"},\"image\":{\"@id\":\"https:\\\/\\\/www.comistorage.com\\\/it\\\/#\\\/schema\\\/logo\\\/image\\\/\"}}]}<\/script>\n<!-- \/ Yoast SEO plugin. -->","yoast_head_json":{"title":"Sponde per benne porta rottami - COMI","description":"Kit sponda per aumentare la capacit\u00e0 della benna porta rottami. Altezza delle sponde 500 mm verniciate a polvere RAL 7016. Possibilit\u00e0 di montaggio in secondo momento","robots":{"index":"index","follow":"follow","max-snippet":"max-snippet:-1","max-image-preview":"max-image-preview:large","max-video-preview":"max-video-preview:-1"},"canonical":"https:\/\/www.comistorage.com\/it\/prodotto\/sponde-per-benne\/","og_locale":"it_IT","og_type":"article","og_title":"Sponde per benne porta rottami - COMI","og_description":"Kit sponda per aumentare la capacit\u00e0 della benna porta rottami. Altezza delle sponde 500 mm verniciate a polvere RAL 7016. Possibilit\u00e0 di montaggio in secondo momento","og_url":"https:\/\/www.comistorage.com\/it\/prodotto\/sponde-per-benne\/","og_site_name":"COMI","article_modified_time":"2025-09-05T10:26:59+00:00","og_image":[{"width":1200,"height":630,"url":"https:\/\/www.comistorage.com\/wp-content\/uploads\/2023\/10\/005581-1.jpg","type":"image\/jpeg"}],"twitter_card":"summary_large_image","twitter_misc":{"Tempo di lettura stimato":"1 minuto"},"schema":{"@context":"https:\/\/schema.org","@graph":[{"@type":"WebPage","@id":"https:\/\/www.comistorage.com\/it\/prodotto\/sponde-per-benne\/","url":"https:\/\/www.comistorage.com\/it\/prodotto\/sponde-per-benne\/","name":"Sponde per benne porta rottami - COMI","isPartOf":{"@id":"https:\/\/www.comistorage.com\/it\/#website"},"primaryImageOfPage":{"@id":"https:\/\/www.comistorage.com\/it\/prodotto\/sponde-per-benne\/#primaryimage"},"image":{"@id":"https:\/\/www.comistorage.com\/it\/prodotto\/sponde-per-benne\/#primaryimage"},"thumbnailUrl":"https:\/\/www.comistorage.com\/wp-content\/uploads\/2023\/10\/005581.jpg","datePublished":"2023-10-11T12:04:08+00:00","dateModified":"2025-09-05T10:26:59+00:00","description":"Kit sponda per aumentare la capacit\u00e0 della benna porta rottami. Altezza delle sponde 500 mm verniciate a polvere RAL 7016. Possibilit\u00e0 di montaggio in secondo momento","breadcrumb":{"@id":"https:\/\/www.comistorage.com\/it\/prodotto\/sponde-per-benne\/#breadcrumb"},"inLanguage":"it-IT","potentialAction":[{"@type":"ReadAction","target":["https:\/\/www.comistorage.com\/it\/prodotto\/sponde-per-benne\/"]}]},{"@type":"ImageObject","inLanguage":"it-IT","@id":"https:\/\/www.comistorage.com\/it\/prodotto\/sponde-per-benne\/#primaryimage","url":"https:\/\/www.comistorage.com\/wp-content\/uploads\/2023\/10\/005581.jpg","contentUrl":"https:\/\/www.comistorage.com\/wp-content\/uploads\/2023\/10\/005581.jpg","width":1000,"height":1000},{"@type":"BreadcrumbList","@id":"https:\/\/www.comistorage.com\/it\/prodotto\/sponde-per-benne\/#breadcrumb","itemListElement":[{"@type":"ListItem","position":1,"name":"Home","item":"https:\/\/www.comistorage.com\/it\/"},{"@type":"ListItem","position":2,"name":"Prodotti","item":"https:\/\/www.comistorage.com\/it\/prodotti\/"},{"@type":"ListItem","position":3,"name":"Sponde per benne porta rottami"}]},{"@type":"WebSite","@id":"https:\/\/www.comistorage.com\/it\/#website","url":"https:\/\/www.comistorage.com\/it\/","name":"COMI","description":"Contenitori industriali","publisher":{"@id":"https:\/\/www.comistorage.com\/it\/#organization"},"potentialAction":[{"@type":"SearchAction","target":{"@type":"EntryPoint","urlTemplate":"https:\/\/www.comistorage.com\/it\/?s={search_term_string}"},"query-input":{"@type":"PropertyValueSpecification","valueRequired":true,"valueName":"search_term_string"}}],"inLanguage":"it-IT"},{"@type":"Organization","@id":"https:\/\/www.comistorage.com\/it\/#organization","name":"COMI","url":"https:\/\/www.comistorage.com\/it\/","logo":{"@type":"ImageObject","inLanguage":"it-IT","@id":"https:\/\/www.comistorage.com\/it\/#\/schema\/logo\/image\/","url":"https:\/\/www.comistorage.com\/wp-content\/uploads\/2022\/10\/comi-logo.jpg","contentUrl":"https:\/\/www.comistorage.com\/wp-content\/uploads\/2022\/10\/comi-logo.jpg","width":861,"height":207,"caption":"COMI"},"image":{"@id":"https:\/\/www.comistorage.com\/it\/#\/schema\/logo\/image\/"}}]}},"_links":{"self":[{"href":"https:\/\/www.comistorage.com\/it\/wp-json\/wp\/v2\/product\/7780","targetHints":{"allow":["GET"]}}],"collection":[{"href":"https:\/\/www.comistorage.com\/it\/wp-json\/wp\/v2\/product"}],"about":[{"href":"https:\/\/www.comistorage.com\/it\/wp-json\/wp\/v2\/types\/product"}],"version-history":[{"count":8,"href":"https:\/\/www.comistorage.com\/it\/wp-json\/wp\/v2\/product\/7780\/revisions"}],"predecessor-version":[{"id":14366,"href":"https:\/\/www.comistorage.com\/it\/wp-json\/wp\/v2\/product\/7780\/revisions\/14366"}],"wp:featuredmedia":[{"embeddable":true,"href":"https:\/\/www.comistorage.com\/it\/wp-json\/wp\/v2\/media\/7781"}],"wp:attachment":[{"href":"https:\/\/www.comistorage.com\/it\/wp-json\/wp\/v2\/media?parent=7780"}],"wp:term":[{"taxonomy":"codice-articolo","embeddable":true,"href":"https:\/\/www.comistorage.com\/it\/wp-json\/wp\/v2\/codice-articolo?post=7780"},{"taxonomy":"product_brand","embeddable":true,"href":"https:\/\/www.comistorage.com\/it\/wp-json\/wp\/v2\/product_brand?post=7780"},{"taxonomy":"product_cat","embeddable":true,"href":"https:\/\/www.comistorage.com\/it\/wp-json\/wp\/v2\/product_cat?post=7780"},{"taxonomy":"product_tag","embeddable":true,"href":"https:\/\/www.comistorage.com\/it\/wp-json\/wp\/v2\/product_tag?post=7780"}],"curies":[{"name":"wp","href":"https:\/\/api.w.org\/{rel}","templated":true}]}}