{"id":3024,"date":"2022-10-24T16:43:38","date_gmt":"2022-10-24T14:43:38","guid":{"rendered":"https:\/\/www.comistorage.com\/it\/prodotto\/pedane-pesanti\/"},"modified":"2025-05-16T11:29:20","modified_gmt":"2025-05-16T09:29:20","slug":"pedane-pesanti","status":"publish","type":"product","link":"https:\/\/www.comistorage.com\/it\/prodotto\/pedane-pesanti\/","title":{"rendered":"Pedane portata 1500 kg"},"content":{"rendered":"<p>La pedana in metallo si propone come sostituto alla pedana in legno con diversi vantaggi: pu\u00f2 trasportare carichi fino a 1.500 kg senza problemi, la durata \u00e8 nettamente superiore, ha un&#8217;elevata resistenza e riduce notevolmente il rischio d&#8217;incendio; pu\u00f2 esser impilata per ottimizzare lo spazio e la movimentazione pu\u00f2 essere effettuata con transpallet o carrello elevatore. Portata 1.500 kg.<\/p>\n","protected":false},"excerpt":{"rendered":"<p>Pedana in metallo sovrapponibile, con portata 1.500 kg. con slitte sui lati lunghi; \u00e8 la soluzione ideale per stoccare materiale, ottimizzando lo spazio in magazzino grazie alla sovrapponibilit\u00e0 degli elementi; la movimentazione pu\u00f2 essere fatta in sicurezza con transpallet o carrelli elevatori.<\/p>\n","protected":false},"featured_media":4484,"template":"","meta":{"_acf_changed":false},"codice-articolo":[445],"product_brand":[],"product_cat":[108],"product_tag":[],"class_list":{"0":"post-3024","1":"product","2":"type-product","3":"status-publish","4":"has-post-thumbnail","6":"codice-articolo-011506-011568-011322-003631-010608-011384-011445-003396","7":"product_cat-pallet-e-pedane","9":"first","10":"instock","11":"taxable","12":"shipping-taxable","13":"product-type-simple"},"acf":[],"yoast_head":"<!-- This site is optimized with the Yoast SEO plugin v27.3 - https:\/\/yoast.com\/product\/yoast-seo-wordpress\/ -->\n<title>Pedane metalliche pesanti portata 1500 kg - COMI<\/title>\n<meta name=\"description\" content=\"Pedane metalliche pesanti sovrapponibili, con portata 1.500 kg. Ideale per movimentare e stoccare carichi pesanti, sovrapponibile e forconabili.\" \/>\n<meta name=\"robots\" content=\"index, follow, max-snippet:-1, max-image-preview:large, max-video-preview:-1\" \/>\n<link rel=\"canonical\" href=\"https:\/\/www.comistorage.com\/it\/prodotto\/pedane-pesanti\/\" \/>\n<meta property=\"og:locale\" content=\"it_IT\" \/>\n<meta property=\"og:type\" content=\"article\" \/>\n<meta property=\"og:title\" content=\"Pedane metalliche pesanti portata 1500 kg - COMI\" \/>\n<meta property=\"og:description\" content=\"Pedane metalliche pesanti sovrapponibili, con portata 1.500 kg. Ideale per movimentare e stoccare carichi pesanti, sovrapponibile e forconabili.\" \/>\n<meta property=\"og:url\" content=\"https:\/\/www.comistorage.com\/it\/prodotto\/pedane-pesanti\/\" \/>\n<meta property=\"og:site_name\" content=\"COMI\" \/>\n<meta property=\"article:modified_time\" content=\"2025-05-16T09:29:20+00:00\" \/>\n<meta property=\"og:image\" content=\"https:\/\/www.comistorage.com\/wp-content\/uploads\/2022\/10\/LPEAGF18-1.jpg\" \/>\n\t<meta property=\"og:image:width\" content=\"1000\" \/>\n\t<meta property=\"og:image:height\" content=\"1000\" \/>\n\t<meta property=\"og:image:type\" content=\"image\/jpeg\" \/>\n<meta name=\"twitter:card\" content=\"summary_large_image\" \/>\n<meta name=\"twitter:label1\" content=\"Tempo di lettura stimato\" \/>\n\t<meta name=\"twitter:data1\" content=\"1 minuto\" \/>\n<script type=\"application\/ld+json\" class=\"yoast-schema-graph\">{\"@context\":\"https:\\\/\\\/schema.org\",\"@graph\":[{\"@type\":\"WebPage\",\"@id\":\"https:\\\/\\\/www.comistorage.com\\\/it\\\/prodotto\\\/pedane-pesanti\\\/\",\"url\":\"https:\\\/\\\/www.comistorage.com\\\/it\\\/prodotto\\\/pedane-pesanti\\\/\",\"name\":\"Pedane metalliche pesanti portata 1500 kg - COMI\",\"isPartOf\":{\"@id\":\"https:\\\/\\\/www.comistorage.com\\\/it\\\/#website\"},\"primaryImageOfPage\":{\"@id\":\"https:\\\/\\\/www.comistorage.com\\\/it\\\/prodotto\\\/pedane-pesanti\\\/#primaryimage\"},\"image\":{\"@id\":\"https:\\\/\\\/www.comistorage.com\\\/it\\\/prodotto\\\/pedane-pesanti\\\/#primaryimage\"},\"thumbnailUrl\":\"https:\\\/\\\/www.comistorage.com\\\/wp-content\\\/uploads\\\/2022\\\/10\\\/LPEAGF18-1.jpg\",\"datePublished\":\"2022-10-24T14:43:38+00:00\",\"dateModified\":\"2025-05-16T09:29:20+00:00\",\"description\":\"Pedane metalliche pesanti sovrapponibili, con portata 1.500 kg. Ideale per movimentare e stoccare carichi pesanti, sovrapponibile e forconabili.\",\"breadcrumb\":{\"@id\":\"https:\\\/\\\/www.comistorage.com\\\/it\\\/prodotto\\\/pedane-pesanti\\\/#breadcrumb\"},\"inLanguage\":\"it-IT\",\"potentialAction\":[{\"@type\":\"ReadAction\",\"target\":[\"https:\\\/\\\/www.comistorage.com\\\/it\\\/prodotto\\\/pedane-pesanti\\\/\"]}]},{\"@type\":\"ImageObject\",\"inLanguage\":\"it-IT\",\"@id\":\"https:\\\/\\\/www.comistorage.com\\\/it\\\/prodotto\\\/pedane-pesanti\\\/#primaryimage\",\"url\":\"https:\\\/\\\/www.comistorage.com\\\/wp-content\\\/uploads\\\/2022\\\/10\\\/LPEAGF18-1.jpg\",\"contentUrl\":\"https:\\\/\\\/www.comistorage.com\\\/wp-content\\\/uploads\\\/2022\\\/10\\\/LPEAGF18-1.jpg\",\"width\":1000,\"height\":1000,\"caption\":\"pedane metalliche pesanti portata 1500 kg\"},{\"@type\":\"BreadcrumbList\",\"@id\":\"https:\\\/\\\/www.comistorage.com\\\/it\\\/prodotto\\\/pedane-pesanti\\\/#breadcrumb\",\"itemListElement\":[{\"@type\":\"ListItem\",\"position\":1,\"name\":\"Home\",\"item\":\"https:\\\/\\\/www.comistorage.com\\\/it\\\/\"},{\"@type\":\"ListItem\",\"position\":2,\"name\":\"Prodotti\",\"item\":\"https:\\\/\\\/www.comistorage.com\\\/it\\\/prodotti\\\/\"},{\"@type\":\"ListItem\",\"position\":3,\"name\":\"Pedane portata 1500 kg\"}]},{\"@type\":\"WebSite\",\"@id\":\"https:\\\/\\\/www.comistorage.com\\\/it\\\/#website\",\"url\":\"https:\\\/\\\/www.comistorage.com\\\/it\\\/\",\"name\":\"COMI\",\"description\":\"Contenitori industriali\",\"publisher\":{\"@id\":\"https:\\\/\\\/www.comistorage.com\\\/it\\\/#organization\"},\"potentialAction\":[{\"@type\":\"SearchAction\",\"target\":{\"@type\":\"EntryPoint\",\"urlTemplate\":\"https:\\\/\\\/www.comistorage.com\\\/it\\\/?s={search_term_string}\"},\"query-input\":{\"@type\":\"PropertyValueSpecification\",\"valueRequired\":true,\"valueName\":\"search_term_string\"}}],\"inLanguage\":\"it-IT\"},{\"@type\":\"Organization\",\"@id\":\"https:\\\/\\\/www.comistorage.com\\\/it\\\/#organization\",\"name\":\"COMI\",\"url\":\"https:\\\/\\\/www.comistorage.com\\\/it\\\/\",\"logo\":{\"@type\":\"ImageObject\",\"inLanguage\":\"it-IT\",\"@id\":\"https:\\\/\\\/www.comistorage.com\\\/it\\\/#\\\/schema\\\/logo\\\/image\\\/\",\"url\":\"https:\\\/\\\/www.comistorage.com\\\/wp-content\\\/uploads\\\/2022\\\/10\\\/comi-logo.jpg\",\"contentUrl\":\"https:\\\/\\\/www.comistorage.com\\\/wp-content\\\/uploads\\\/2022\\\/10\\\/comi-logo.jpg\",\"width\":861,\"height\":207,\"caption\":\"COMI\"},\"image\":{\"@id\":\"https:\\\/\\\/www.comistorage.com\\\/it\\\/#\\\/schema\\\/logo\\\/image\\\/\"}}]}<\/script>\n<!-- \/ Yoast SEO plugin. -->","yoast_head_json":{"title":"Pedane metalliche pesanti portata 1500 kg - COMI","description":"Pedane metalliche pesanti sovrapponibili, con portata 1.500 kg. Ideale per movimentare e stoccare carichi pesanti, sovrapponibile e forconabili.","robots":{"index":"index","follow":"follow","max-snippet":"max-snippet:-1","max-image-preview":"max-image-preview:large","max-video-preview":"max-video-preview:-1"},"canonical":"https:\/\/www.comistorage.com\/it\/prodotto\/pedane-pesanti\/","og_locale":"it_IT","og_type":"article","og_title":"Pedane metalliche pesanti portata 1500 kg - COMI","og_description":"Pedane metalliche pesanti sovrapponibili, con portata 1.500 kg. Ideale per movimentare e stoccare carichi pesanti, sovrapponibile e forconabili.","og_url":"https:\/\/www.comistorage.com\/it\/prodotto\/pedane-pesanti\/","og_site_name":"COMI","article_modified_time":"2025-05-16T09:29:20+00:00","og_image":[{"width":1000,"height":1000,"url":"https:\/\/www.comistorage.com\/wp-content\/uploads\/2022\/10\/LPEAGF18-1.jpg","type":"image\/jpeg"}],"twitter_card":"summary_large_image","twitter_misc":{"Tempo di lettura stimato":"1 minuto"},"schema":{"@context":"https:\/\/schema.org","@graph":[{"@type":"WebPage","@id":"https:\/\/www.comistorage.com\/it\/prodotto\/pedane-pesanti\/","url":"https:\/\/www.comistorage.com\/it\/prodotto\/pedane-pesanti\/","name":"Pedane metalliche pesanti portata 1500 kg - COMI","isPartOf":{"@id":"https:\/\/www.comistorage.com\/it\/#website"},"primaryImageOfPage":{"@id":"https:\/\/www.comistorage.com\/it\/prodotto\/pedane-pesanti\/#primaryimage"},"image":{"@id":"https:\/\/www.comistorage.com\/it\/prodotto\/pedane-pesanti\/#primaryimage"},"thumbnailUrl":"https:\/\/www.comistorage.com\/wp-content\/uploads\/2022\/10\/LPEAGF18-1.jpg","datePublished":"2022-10-24T14:43:38+00:00","dateModified":"2025-05-16T09:29:20+00:00","description":"Pedane metalliche pesanti sovrapponibili, con portata 1.500 kg. Ideale per movimentare e stoccare carichi pesanti, sovrapponibile e forconabili.","breadcrumb":{"@id":"https:\/\/www.comistorage.com\/it\/prodotto\/pedane-pesanti\/#breadcrumb"},"inLanguage":"it-IT","potentialAction":[{"@type":"ReadAction","target":["https:\/\/www.comistorage.com\/it\/prodotto\/pedane-pesanti\/"]}]},{"@type":"ImageObject","inLanguage":"it-IT","@id":"https:\/\/www.comistorage.com\/it\/prodotto\/pedane-pesanti\/#primaryimage","url":"https:\/\/www.comistorage.com\/wp-content\/uploads\/2022\/10\/LPEAGF18-1.jpg","contentUrl":"https:\/\/www.comistorage.com\/wp-content\/uploads\/2022\/10\/LPEAGF18-1.jpg","width":1000,"height":1000,"caption":"pedane metalliche pesanti portata 1500 kg"},{"@type":"BreadcrumbList","@id":"https:\/\/www.comistorage.com\/it\/prodotto\/pedane-pesanti\/#breadcrumb","itemListElement":[{"@type":"ListItem","position":1,"name":"Home","item":"https:\/\/www.comistorage.com\/it\/"},{"@type":"ListItem","position":2,"name":"Prodotti","item":"https:\/\/www.comistorage.com\/it\/prodotti\/"},{"@type":"ListItem","position":3,"name":"Pedane portata 1500 kg"}]},{"@type":"WebSite","@id":"https:\/\/www.comistorage.com\/it\/#website","url":"https:\/\/www.comistorage.com\/it\/","name":"COMI","description":"Contenitori industriali","publisher":{"@id":"https:\/\/www.comistorage.com\/it\/#organization"},"potentialAction":[{"@type":"SearchAction","target":{"@type":"EntryPoint","urlTemplate":"https:\/\/www.comistorage.com\/it\/?s={search_term_string}"},"query-input":{"@type":"PropertyValueSpecification","valueRequired":true,"valueName":"search_term_string"}}],"inLanguage":"it-IT"},{"@type":"Organization","@id":"https:\/\/www.comistorage.com\/it\/#organization","name":"COMI","url":"https:\/\/www.comistorage.com\/it\/","logo":{"@type":"ImageObject","inLanguage":"it-IT","@id":"https:\/\/www.comistorage.com\/it\/#\/schema\/logo\/image\/","url":"https:\/\/www.comistorage.com\/wp-content\/uploads\/2022\/10\/comi-logo.jpg","contentUrl":"https:\/\/www.comistorage.com\/wp-content\/uploads\/2022\/10\/comi-logo.jpg","width":861,"height":207,"caption":"COMI"},"image":{"@id":"https:\/\/www.comistorage.com\/it\/#\/schema\/logo\/image\/"}}]}},"_links":{"self":[{"href":"https:\/\/www.comistorage.com\/it\/wp-json\/wp\/v2\/product\/3024","targetHints":{"allow":["GET"]}}],"collection":[{"href":"https:\/\/www.comistorage.com\/it\/wp-json\/wp\/v2\/product"}],"about":[{"href":"https:\/\/www.comistorage.com\/it\/wp-json\/wp\/v2\/types\/product"}],"version-history":[{"count":7,"href":"https:\/\/www.comistorage.com\/it\/wp-json\/wp\/v2\/product\/3024\/revisions"}],"predecessor-version":[{"id":12953,"href":"https:\/\/www.comistorage.com\/it\/wp-json\/wp\/v2\/product\/3024\/revisions\/12953"}],"wp:featuredmedia":[{"embeddable":true,"href":"https:\/\/www.comistorage.com\/it\/wp-json\/wp\/v2\/media\/4484"}],"wp:attachment":[{"href":"https:\/\/www.comistorage.com\/it\/wp-json\/wp\/v2\/media?parent=3024"}],"wp:term":[{"taxonomy":"codice-articolo","embeddable":true,"href":"https:\/\/www.comistorage.com\/it\/wp-json\/wp\/v2\/codice-articolo?post=3024"},{"taxonomy":"product_brand","embeddable":true,"href":"https:\/\/www.comistorage.com\/it\/wp-json\/wp\/v2\/product_brand?post=3024"},{"taxonomy":"product_cat","embeddable":true,"href":"https:\/\/www.comistorage.com\/it\/wp-json\/wp\/v2\/product_cat?post=3024"},{"taxonomy":"product_tag","embeddable":true,"href":"https:\/\/www.comistorage.com\/it\/wp-json\/wp\/v2\/product_tag?post=3024"}],"curies":[{"name":"wp","href":"https:\/\/api.w.org\/{rel}","templated":true}]}}