{"id":3023,"date":"2022-10-24T16:43:38","date_gmt":"2022-10-24T14:43:38","guid":{"rendered":"https:\/\/www.comistorage.com\/it\/prodotto\/pedane-leggere-con-tazza\/"},"modified":"2025-05-16T11:33:05","modified_gmt":"2025-05-16T09:33:05","slug":"pedane-leggere-con-tazza","status":"publish","type":"product","link":"https:\/\/www.comistorage.com\/it\/prodotto\/pedane-leggere-con-tazza\/","title":{"rendered":"Pedane con tazza portata 1000 kg"},"content":{"rendered":"<p>La pedana in metallo si propone come sostituto alla pedana in legno con diversi vantaggi: pu\u00f2 trasportare carichi fino a 1.000 kg senza problemi, la durata \u00e8 nettamente superiore, ha un&#8217;elevata resistenza e riduce notevolmente il rischio d&#8217;incendio; pu\u00f2 esser impilata per ottimizzare lo spazio e la movimentazione pu\u00f2 essere effettuata con transpallet o carrello elevatore. Portata 1.000 kg.<\/p>\n","protected":false},"excerpt":{"rendered":"<p>Pedana in metallo sovrapponibile, con portata 1.000 kg. senza slitta; \u00e8 la soluzione ideale per stoccare materiale, ottimizzando lo spazio in magazzino grazie alla sovrapponibilit\u00e0 degli elementi; la movimentazione pu\u00f2 essere fatta con transpallet o carrelli elevatori.<\/p>\n","protected":false},"featured_media":4469,"template":"","meta":{"_acf_changed":false},"codice-articolo":[444],"product_brand":[],"product_cat":[108],"product_tag":[],"class_list":{"0":"post-3023","1":"product","2":"type-product","3":"status-publish","4":"has-post-thumbnail","6":"codice-articolo-011681-011629-010721-012060-011742-009107-011803-012121","7":"product_cat-pallet-e-pedane","9":"first","10":"instock","11":"taxable","12":"shipping-taxable","13":"product-type-simple"},"acf":[],"yoast_head":"<!-- This site is optimized with the Yoast SEO plugin v27.3 - https:\/\/yoast.com\/product\/yoast-seo-wordpress\/ -->\n<title>Pedane leggere in metallo sovrapponibile con tazza - COMI<\/title>\n<meta name=\"description\" content=\"Pedana in metallo sovrapponibile, portata 1.000 kg. senza slitta. Ideale per stoccare materiale, ottimizzando lo spazio in magazzino.\" \/>\n<meta name=\"robots\" content=\"index, follow, max-snippet:-1, max-image-preview:large, max-video-preview:-1\" \/>\n<link rel=\"canonical\" href=\"https:\/\/www.comistorage.com\/it\/prodotto\/pedane-leggere-con-tazza\/\" \/>\n<meta property=\"og:locale\" content=\"it_IT\" \/>\n<meta property=\"og:type\" content=\"article\" \/>\n<meta property=\"og:title\" content=\"Pedane leggere in metallo sovrapponibile con tazza - COMI\" \/>\n<meta property=\"og:description\" content=\"Pedana in metallo sovrapponibile, portata 1.000 kg. senza slitta. Ideale per stoccare materiale, ottimizzando lo spazio in magazzino.\" \/>\n<meta property=\"og:url\" content=\"https:\/\/www.comistorage.com\/it\/prodotto\/pedane-leggere-con-tazza\/\" \/>\n<meta property=\"og:site_name\" content=\"COMI\" \/>\n<meta property=\"article:modified_time\" content=\"2025-05-16T09:33:05+00:00\" \/>\n<meta property=\"og:image\" content=\"https:\/\/www.comistorage.com\/wp-content\/uploads\/2022\/10\/LPE9GE17-1.jpg\" \/>\n\t<meta property=\"og:image:width\" content=\"1200\" \/>\n\t<meta property=\"og:image:height\" content=\"630\" \/>\n\t<meta property=\"og:image:type\" content=\"image\/jpeg\" \/>\n<meta name=\"twitter:card\" content=\"summary_large_image\" \/>\n<meta name=\"twitter:image\" content=\"https:\/\/www.comistorage.com\/wp-content\/uploads\/2022\/10\/LPE9GE17-1.jpg\" \/>\n<meta name=\"twitter:label1\" content=\"Tempo di lettura stimato\" \/>\n\t<meta name=\"twitter:data1\" content=\"1 minuto\" \/>\n<script type=\"application\/ld+json\" class=\"yoast-schema-graph\">{\"@context\":\"https:\\\/\\\/schema.org\",\"@graph\":[{\"@type\":\"WebPage\",\"@id\":\"https:\\\/\\\/www.comistorage.com\\\/it\\\/prodotto\\\/pedane-leggere-con-tazza\\\/\",\"url\":\"https:\\\/\\\/www.comistorage.com\\\/it\\\/prodotto\\\/pedane-leggere-con-tazza\\\/\",\"name\":\"Pedane leggere in metallo sovrapponibile con tazza - COMI\",\"isPartOf\":{\"@id\":\"https:\\\/\\\/www.comistorage.com\\\/it\\\/#website\"},\"primaryImageOfPage\":{\"@id\":\"https:\\\/\\\/www.comistorage.com\\\/it\\\/prodotto\\\/pedane-leggere-con-tazza\\\/#primaryimage\"},\"image\":{\"@id\":\"https:\\\/\\\/www.comistorage.com\\\/it\\\/prodotto\\\/pedane-leggere-con-tazza\\\/#primaryimage\"},\"thumbnailUrl\":\"https:\\\/\\\/www.comistorage.com\\\/wp-content\\\/uploads\\\/2022\\\/10\\\/LPE9GE17-2.jpg\",\"datePublished\":\"2022-10-24T14:43:38+00:00\",\"dateModified\":\"2025-05-16T09:33:05+00:00\",\"description\":\"Pedana in metallo sovrapponibile, portata 1.000 kg. senza slitta. Ideale per stoccare materiale, ottimizzando lo spazio in magazzino.\",\"breadcrumb\":{\"@id\":\"https:\\\/\\\/www.comistorage.com\\\/it\\\/prodotto\\\/pedane-leggere-con-tazza\\\/#breadcrumb\"},\"inLanguage\":\"it-IT\",\"potentialAction\":[{\"@type\":\"ReadAction\",\"target\":[\"https:\\\/\\\/www.comistorage.com\\\/it\\\/prodotto\\\/pedane-leggere-con-tazza\\\/\"]}]},{\"@type\":\"ImageObject\",\"inLanguage\":\"it-IT\",\"@id\":\"https:\\\/\\\/www.comistorage.com\\\/it\\\/prodotto\\\/pedane-leggere-con-tazza\\\/#primaryimage\",\"url\":\"https:\\\/\\\/www.comistorage.com\\\/wp-content\\\/uploads\\\/2022\\\/10\\\/LPE9GE17-2.jpg\",\"contentUrl\":\"https:\\\/\\\/www.comistorage.com\\\/wp-content\\\/uploads\\\/2022\\\/10\\\/LPE9GE17-2.jpg\",\"width\":1000,\"height\":1000,\"caption\":\"pedane leggere con tazza portata 1000 kg\"},{\"@type\":\"BreadcrumbList\",\"@id\":\"https:\\\/\\\/www.comistorage.com\\\/it\\\/prodotto\\\/pedane-leggere-con-tazza\\\/#breadcrumb\",\"itemListElement\":[{\"@type\":\"ListItem\",\"position\":1,\"name\":\"Home\",\"item\":\"https:\\\/\\\/www.comistorage.com\\\/it\\\/\"},{\"@type\":\"ListItem\",\"position\":2,\"name\":\"Prodotti\",\"item\":\"https:\\\/\\\/www.comistorage.com\\\/it\\\/prodotti\\\/\"},{\"@type\":\"ListItem\",\"position\":3,\"name\":\"Pedane con tazza portata 1000 kg\"}]},{\"@type\":\"WebSite\",\"@id\":\"https:\\\/\\\/www.comistorage.com\\\/it\\\/#website\",\"url\":\"https:\\\/\\\/www.comistorage.com\\\/it\\\/\",\"name\":\"COMI\",\"description\":\"Contenitori industriali\",\"publisher\":{\"@id\":\"https:\\\/\\\/www.comistorage.com\\\/it\\\/#organization\"},\"potentialAction\":[{\"@type\":\"SearchAction\",\"target\":{\"@type\":\"EntryPoint\",\"urlTemplate\":\"https:\\\/\\\/www.comistorage.com\\\/it\\\/?s={search_term_string}\"},\"query-input\":{\"@type\":\"PropertyValueSpecification\",\"valueRequired\":true,\"valueName\":\"search_term_string\"}}],\"inLanguage\":\"it-IT\"},{\"@type\":\"Organization\",\"@id\":\"https:\\\/\\\/www.comistorage.com\\\/it\\\/#organization\",\"name\":\"COMI\",\"url\":\"https:\\\/\\\/www.comistorage.com\\\/it\\\/\",\"logo\":{\"@type\":\"ImageObject\",\"inLanguage\":\"it-IT\",\"@id\":\"https:\\\/\\\/www.comistorage.com\\\/it\\\/#\\\/schema\\\/logo\\\/image\\\/\",\"url\":\"https:\\\/\\\/www.comistorage.com\\\/wp-content\\\/uploads\\\/2022\\\/10\\\/comi-logo.jpg\",\"contentUrl\":\"https:\\\/\\\/www.comistorage.com\\\/wp-content\\\/uploads\\\/2022\\\/10\\\/comi-logo.jpg\",\"width\":861,\"height\":207,\"caption\":\"COMI\"},\"image\":{\"@id\":\"https:\\\/\\\/www.comistorage.com\\\/it\\\/#\\\/schema\\\/logo\\\/image\\\/\"}}]}<\/script>\n<!-- \/ Yoast SEO plugin. -->","yoast_head_json":{"title":"Pedane leggere in metallo sovrapponibile con tazza - COMI","description":"Pedana in metallo sovrapponibile, portata 1.000 kg. senza slitta. Ideale per stoccare materiale, ottimizzando lo spazio in magazzino.","robots":{"index":"index","follow":"follow","max-snippet":"max-snippet:-1","max-image-preview":"max-image-preview:large","max-video-preview":"max-video-preview:-1"},"canonical":"https:\/\/www.comistorage.com\/it\/prodotto\/pedane-leggere-con-tazza\/","og_locale":"it_IT","og_type":"article","og_title":"Pedane leggere in metallo sovrapponibile con tazza - COMI","og_description":"Pedana in metallo sovrapponibile, portata 1.000 kg. senza slitta. Ideale per stoccare materiale, ottimizzando lo spazio in magazzino.","og_url":"https:\/\/www.comistorage.com\/it\/prodotto\/pedane-leggere-con-tazza\/","og_site_name":"COMI","article_modified_time":"2025-05-16T09:33:05+00:00","og_image":[{"width":1200,"height":630,"url":"https:\/\/www.comistorage.com\/wp-content\/uploads\/2022\/10\/LPE9GE17-1.jpg","type":"image\/jpeg"}],"twitter_card":"summary_large_image","twitter_image":"https:\/\/www.comistorage.com\/wp-content\/uploads\/2022\/10\/LPE9GE17-1.jpg","twitter_misc":{"Tempo di lettura stimato":"1 minuto"},"schema":{"@context":"https:\/\/schema.org","@graph":[{"@type":"WebPage","@id":"https:\/\/www.comistorage.com\/it\/prodotto\/pedane-leggere-con-tazza\/","url":"https:\/\/www.comistorage.com\/it\/prodotto\/pedane-leggere-con-tazza\/","name":"Pedane leggere in metallo sovrapponibile con tazza - COMI","isPartOf":{"@id":"https:\/\/www.comistorage.com\/it\/#website"},"primaryImageOfPage":{"@id":"https:\/\/www.comistorage.com\/it\/prodotto\/pedane-leggere-con-tazza\/#primaryimage"},"image":{"@id":"https:\/\/www.comistorage.com\/it\/prodotto\/pedane-leggere-con-tazza\/#primaryimage"},"thumbnailUrl":"https:\/\/www.comistorage.com\/wp-content\/uploads\/2022\/10\/LPE9GE17-2.jpg","datePublished":"2022-10-24T14:43:38+00:00","dateModified":"2025-05-16T09:33:05+00:00","description":"Pedana in metallo sovrapponibile, portata 1.000 kg. senza slitta. Ideale per stoccare materiale, ottimizzando lo spazio in magazzino.","breadcrumb":{"@id":"https:\/\/www.comistorage.com\/it\/prodotto\/pedane-leggere-con-tazza\/#breadcrumb"},"inLanguage":"it-IT","potentialAction":[{"@type":"ReadAction","target":["https:\/\/www.comistorage.com\/it\/prodotto\/pedane-leggere-con-tazza\/"]}]},{"@type":"ImageObject","inLanguage":"it-IT","@id":"https:\/\/www.comistorage.com\/it\/prodotto\/pedane-leggere-con-tazza\/#primaryimage","url":"https:\/\/www.comistorage.com\/wp-content\/uploads\/2022\/10\/LPE9GE17-2.jpg","contentUrl":"https:\/\/www.comistorage.com\/wp-content\/uploads\/2022\/10\/LPE9GE17-2.jpg","width":1000,"height":1000,"caption":"pedane leggere con tazza portata 1000 kg"},{"@type":"BreadcrumbList","@id":"https:\/\/www.comistorage.com\/it\/prodotto\/pedane-leggere-con-tazza\/#breadcrumb","itemListElement":[{"@type":"ListItem","position":1,"name":"Home","item":"https:\/\/www.comistorage.com\/it\/"},{"@type":"ListItem","position":2,"name":"Prodotti","item":"https:\/\/www.comistorage.com\/it\/prodotti\/"},{"@type":"ListItem","position":3,"name":"Pedane con tazza portata 1000 kg"}]},{"@type":"WebSite","@id":"https:\/\/www.comistorage.com\/it\/#website","url":"https:\/\/www.comistorage.com\/it\/","name":"COMI","description":"Contenitori industriali","publisher":{"@id":"https:\/\/www.comistorage.com\/it\/#organization"},"potentialAction":[{"@type":"SearchAction","target":{"@type":"EntryPoint","urlTemplate":"https:\/\/www.comistorage.com\/it\/?s={search_term_string}"},"query-input":{"@type":"PropertyValueSpecification","valueRequired":true,"valueName":"search_term_string"}}],"inLanguage":"it-IT"},{"@type":"Organization","@id":"https:\/\/www.comistorage.com\/it\/#organization","name":"COMI","url":"https:\/\/www.comistorage.com\/it\/","logo":{"@type":"ImageObject","inLanguage":"it-IT","@id":"https:\/\/www.comistorage.com\/it\/#\/schema\/logo\/image\/","url":"https:\/\/www.comistorage.com\/wp-content\/uploads\/2022\/10\/comi-logo.jpg","contentUrl":"https:\/\/www.comistorage.com\/wp-content\/uploads\/2022\/10\/comi-logo.jpg","width":861,"height":207,"caption":"COMI"},"image":{"@id":"https:\/\/www.comistorage.com\/it\/#\/schema\/logo\/image\/"}}]}},"_links":{"self":[{"href":"https:\/\/www.comistorage.com\/it\/wp-json\/wp\/v2\/product\/3023","targetHints":{"allow":["GET"]}}],"collection":[{"href":"https:\/\/www.comistorage.com\/it\/wp-json\/wp\/v2\/product"}],"about":[{"href":"https:\/\/www.comistorage.com\/it\/wp-json\/wp\/v2\/types\/product"}],"version-history":[{"count":10,"href":"https:\/\/www.comistorage.com\/it\/wp-json\/wp\/v2\/product\/3023\/revisions"}],"predecessor-version":[{"id":12959,"href":"https:\/\/www.comistorage.com\/it\/wp-json\/wp\/v2\/product\/3023\/revisions\/12959"}],"wp:featuredmedia":[{"embeddable":true,"href":"https:\/\/www.comistorage.com\/it\/wp-json\/wp\/v2\/media\/4469"}],"wp:attachment":[{"href":"https:\/\/www.comistorage.com\/it\/wp-json\/wp\/v2\/media?parent=3023"}],"wp:term":[{"taxonomy":"codice-articolo","embeddable":true,"href":"https:\/\/www.comistorage.com\/it\/wp-json\/wp\/v2\/codice-articolo?post=3023"},{"taxonomy":"product_brand","embeddable":true,"href":"https:\/\/www.comistorage.com\/it\/wp-json\/wp\/v2\/product_brand?post=3023"},{"taxonomy":"product_cat","embeddable":true,"href":"https:\/\/www.comistorage.com\/it\/wp-json\/wp\/v2\/product_cat?post=3023"},{"taxonomy":"product_tag","embeddable":true,"href":"https:\/\/www.comistorage.com\/it\/wp-json\/wp\/v2\/product_tag?post=3023"}],"curies":[{"name":"wp","href":"https:\/\/api.w.org\/{rel}","templated":true}]}}