{"id":3000,"date":"2022-10-24T16:43:37","date_gmt":"2022-10-24T14:43:37","guid":{"rendered":"https:\/\/www.comistorage.com\/it\/prodotto\/contenitori-medi-in-rete-con-porta\/"},"modified":"2025-05-16T11:20:24","modified_gmt":"2025-05-16T09:20:24","slug":"contenitori-medi-in-rete-con-porta","status":"publish","type":"product","link":"https:\/\/www.comistorage.com\/it\/prodotto\/contenitori-medi-in-rete-con-porta\/","title":{"rendered":"Contenitori portata 1000 kg con porta"},"content":{"rendered":"<p>I contenitori in rete metallica rappresentano la soluzione ideale per poter identificare immediatamente il contenuto presente all&#8217;interno del cassone. Permettono di riordinare i magazzini riducendo il tempo di ricerca della merce, ottimizzano lo spazio, anche in verticale, con la possibilit\u00e0 di impilare pi\u00f9 contenitori e riducono i rischi di infortuni derivanti da oggetti sparsi. La porta consente una facile gestione del deposito e del prelievo di merce. Le slitte presenti alla base del contenitore permettono una movimentazione sicura con transpallet e carrello elevatore. La portata \u00e8 di 1000 kg.<\/p>\n","protected":false},"excerpt":{"rendered":"<p>Contenitori in lamiera con portata fino a 1.000 kg, funzionali per stoccaggio e trasporto di componenti industriali, con slitte che permettono la movimentazione con transpallet o carrelli elevatori. La presenza di una porta in rete facilita le operazioni di carico e scarico del materiale e la visibilit\u00e0 del materiale contenuto.<\/p>\n","protected":false},"featured_media":3735,"template":"","meta":{"_acf_changed":false},"codice-articolo":[451],"product_brand":[],"product_cat":[94,99],"product_tag":[],"class_list":{"0":"post-3000","1":"product","2":"type-product","3":"status-publish","4":"has-post-thumbnail","6":"codice-articolo-001460-001644-010967-011261-012244-011025-008124-011087-005833","7":"product_cat-contenitori-in-rete-metallica","8":"product_cat-contenitori-medi-in-rete","10":"first","11":"instock","12":"taxable","13":"shipping-taxable","14":"product-type-simple"},"acf":[],"yoast_head":"<!-- This site is optimized with the Yoast SEO plugin v27.3 - https:\/\/yoast.com\/product\/yoast-seo-wordpress\/ -->\n<title>Contenitori medi in rete portata 1000 kg con porta - COMI<\/title>\n<meta name=\"description\" content=\"Contenitori medi in rete con porta, portata fino a 1000 kg. Possibilit\u00e0 di sovrapporre pi\u00f9 elementi per aumentare la possibilit\u00e0 di stoccaggio.\" \/>\n<meta name=\"robots\" content=\"index, follow, max-snippet:-1, max-image-preview:large, max-video-preview:-1\" \/>\n<link rel=\"canonical\" href=\"https:\/\/www.comistorage.com\/it\/prodotto\/contenitori-medi-in-rete-con-porta\/\" \/>\n<meta property=\"og:locale\" content=\"it_IT\" \/>\n<meta property=\"og:type\" content=\"article\" \/>\n<meta property=\"og:title\" content=\"Contenitori medi in rete portata 1000 kg con porta - COMI\" \/>\n<meta property=\"og:description\" content=\"Contenitori medi in rete con porta, portata fino a 1000 kg. Possibilit\u00e0 di sovrapporre pi\u00f9 elementi per aumentare la possibilit\u00e0 di stoccaggio.\" \/>\n<meta property=\"og:url\" content=\"https:\/\/www.comistorage.com\/it\/prodotto\/contenitori-medi-in-rete-con-porta\/\" \/>\n<meta property=\"og:site_name\" content=\"COMI\" \/>\n<meta property=\"article:modified_time\" content=\"2025-05-16T09:20:24+00:00\" \/>\n<meta property=\"og:image\" content=\"https:\/\/www.comistorage.com\/wp-content\/uploads\/2022\/10\/LCR3GG12.jpg\" \/>\n\t<meta property=\"og:image:width\" content=\"1200\" \/>\n\t<meta property=\"og:image:height\" content=\"630\" \/>\n\t<meta property=\"og:image:type\" content=\"image\/jpeg\" \/>\n<meta name=\"twitter:card\" content=\"summary_large_image\" \/>\n<meta name=\"twitter:image\" content=\"https:\/\/www.comistorage.com\/wp-content\/uploads\/2022\/10\/LCR3GG12.jpg\" \/>\n<meta name=\"twitter:label1\" content=\"Tempo di lettura stimato\" \/>\n\t<meta name=\"twitter:data1\" content=\"1 minuto\" \/>\n<script type=\"application\/ld+json\" class=\"yoast-schema-graph\">{\"@context\":\"https:\\\/\\\/schema.org\",\"@graph\":[{\"@type\":\"WebPage\",\"@id\":\"https:\\\/\\\/www.comistorage.com\\\/it\\\/prodotto\\\/contenitori-medi-in-rete-con-porta\\\/\",\"url\":\"https:\\\/\\\/www.comistorage.com\\\/it\\\/prodotto\\\/contenitori-medi-in-rete-con-porta\\\/\",\"name\":\"Contenitori medi in rete portata 1000 kg con porta - COMI\",\"isPartOf\":{\"@id\":\"https:\\\/\\\/www.comistorage.com\\\/it\\\/#website\"},\"primaryImageOfPage\":{\"@id\":\"https:\\\/\\\/www.comistorage.com\\\/it\\\/prodotto\\\/contenitori-medi-in-rete-con-porta\\\/#primaryimage\"},\"image\":{\"@id\":\"https:\\\/\\\/www.comistorage.com\\\/it\\\/prodotto\\\/contenitori-medi-in-rete-con-porta\\\/#primaryimage\"},\"thumbnailUrl\":\"https:\\\/\\\/www.comistorage.com\\\/wp-content\\\/uploads\\\/2022\\\/10\\\/LCR3GG12-1.jpg\",\"datePublished\":\"2022-10-24T14:43:37+00:00\",\"dateModified\":\"2025-05-16T09:20:24+00:00\",\"description\":\"Contenitori medi in rete con porta, portata fino a 1000 kg. Possibilit\u00e0 di sovrapporre pi\u00f9 elementi per aumentare la possibilit\u00e0 di stoccaggio.\",\"breadcrumb\":{\"@id\":\"https:\\\/\\\/www.comistorage.com\\\/it\\\/prodotto\\\/contenitori-medi-in-rete-con-porta\\\/#breadcrumb\"},\"inLanguage\":\"it-IT\",\"potentialAction\":[{\"@type\":\"ReadAction\",\"target\":[\"https:\\\/\\\/www.comistorage.com\\\/it\\\/prodotto\\\/contenitori-medi-in-rete-con-porta\\\/\"]}]},{\"@type\":\"ImageObject\",\"inLanguage\":\"it-IT\",\"@id\":\"https:\\\/\\\/www.comistorage.com\\\/it\\\/prodotto\\\/contenitori-medi-in-rete-con-porta\\\/#primaryimage\",\"url\":\"https:\\\/\\\/www.comistorage.com\\\/wp-content\\\/uploads\\\/2022\\\/10\\\/LCR3GG12-1.jpg\",\"contentUrl\":\"https:\\\/\\\/www.comistorage.com\\\/wp-content\\\/uploads\\\/2022\\\/10\\\/LCR3GG12-1.jpg\",\"width\":1000,\"height\":1000,\"caption\":\"Contenitori portata 1000 kg con porta\"},{\"@type\":\"BreadcrumbList\",\"@id\":\"https:\\\/\\\/www.comistorage.com\\\/it\\\/prodotto\\\/contenitori-medi-in-rete-con-porta\\\/#breadcrumb\",\"itemListElement\":[{\"@type\":\"ListItem\",\"position\":1,\"name\":\"Home\",\"item\":\"https:\\\/\\\/www.comistorage.com\\\/it\\\/\"},{\"@type\":\"ListItem\",\"position\":2,\"name\":\"Prodotti\",\"item\":\"https:\\\/\\\/www.comistorage.com\\\/it\\\/prodotti\\\/\"},{\"@type\":\"ListItem\",\"position\":3,\"name\":\"Contenitori portata 1000 kg con porta\"}]},{\"@type\":\"WebSite\",\"@id\":\"https:\\\/\\\/www.comistorage.com\\\/it\\\/#website\",\"url\":\"https:\\\/\\\/www.comistorage.com\\\/it\\\/\",\"name\":\"COMI\",\"description\":\"Contenitori industriali\",\"publisher\":{\"@id\":\"https:\\\/\\\/www.comistorage.com\\\/it\\\/#organization\"},\"potentialAction\":[{\"@type\":\"SearchAction\",\"target\":{\"@type\":\"EntryPoint\",\"urlTemplate\":\"https:\\\/\\\/www.comistorage.com\\\/it\\\/?s={search_term_string}\"},\"query-input\":{\"@type\":\"PropertyValueSpecification\",\"valueRequired\":true,\"valueName\":\"search_term_string\"}}],\"inLanguage\":\"it-IT\"},{\"@type\":\"Organization\",\"@id\":\"https:\\\/\\\/www.comistorage.com\\\/it\\\/#organization\",\"name\":\"COMI\",\"url\":\"https:\\\/\\\/www.comistorage.com\\\/it\\\/\",\"logo\":{\"@type\":\"ImageObject\",\"inLanguage\":\"it-IT\",\"@id\":\"https:\\\/\\\/www.comistorage.com\\\/it\\\/#\\\/schema\\\/logo\\\/image\\\/\",\"url\":\"https:\\\/\\\/www.comistorage.com\\\/wp-content\\\/uploads\\\/2022\\\/10\\\/comi-logo.jpg\",\"contentUrl\":\"https:\\\/\\\/www.comistorage.com\\\/wp-content\\\/uploads\\\/2022\\\/10\\\/comi-logo.jpg\",\"width\":861,\"height\":207,\"caption\":\"COMI\"},\"image\":{\"@id\":\"https:\\\/\\\/www.comistorage.com\\\/it\\\/#\\\/schema\\\/logo\\\/image\\\/\"}}]}<\/script>\n<!-- \/ Yoast SEO plugin. -->","yoast_head_json":{"title":"Contenitori medi in rete portata 1000 kg con porta - COMI","description":"Contenitori medi in rete con porta, portata fino a 1000 kg. Possibilit\u00e0 di sovrapporre pi\u00f9 elementi per aumentare la possibilit\u00e0 di stoccaggio.","robots":{"index":"index","follow":"follow","max-snippet":"max-snippet:-1","max-image-preview":"max-image-preview:large","max-video-preview":"max-video-preview:-1"},"canonical":"https:\/\/www.comistorage.com\/it\/prodotto\/contenitori-medi-in-rete-con-porta\/","og_locale":"it_IT","og_type":"article","og_title":"Contenitori medi in rete portata 1000 kg con porta - COMI","og_description":"Contenitori medi in rete con porta, portata fino a 1000 kg. Possibilit\u00e0 di sovrapporre pi\u00f9 elementi per aumentare la possibilit\u00e0 di stoccaggio.","og_url":"https:\/\/www.comistorage.com\/it\/prodotto\/contenitori-medi-in-rete-con-porta\/","og_site_name":"COMI","article_modified_time":"2025-05-16T09:20:24+00:00","og_image":[{"width":1200,"height":630,"url":"https:\/\/www.comistorage.com\/wp-content\/uploads\/2022\/10\/LCR3GG12.jpg","type":"image\/jpeg"}],"twitter_card":"summary_large_image","twitter_image":"https:\/\/www.comistorage.com\/wp-content\/uploads\/2022\/10\/LCR3GG12.jpg","twitter_misc":{"Tempo di lettura stimato":"1 minuto"},"schema":{"@context":"https:\/\/schema.org","@graph":[{"@type":"WebPage","@id":"https:\/\/www.comistorage.com\/it\/prodotto\/contenitori-medi-in-rete-con-porta\/","url":"https:\/\/www.comistorage.com\/it\/prodotto\/contenitori-medi-in-rete-con-porta\/","name":"Contenitori medi in rete portata 1000 kg con porta - COMI","isPartOf":{"@id":"https:\/\/www.comistorage.com\/it\/#website"},"primaryImageOfPage":{"@id":"https:\/\/www.comistorage.com\/it\/prodotto\/contenitori-medi-in-rete-con-porta\/#primaryimage"},"image":{"@id":"https:\/\/www.comistorage.com\/it\/prodotto\/contenitori-medi-in-rete-con-porta\/#primaryimage"},"thumbnailUrl":"https:\/\/www.comistorage.com\/wp-content\/uploads\/2022\/10\/LCR3GG12-1.jpg","datePublished":"2022-10-24T14:43:37+00:00","dateModified":"2025-05-16T09:20:24+00:00","description":"Contenitori medi in rete con porta, portata fino a 1000 kg. Possibilit\u00e0 di sovrapporre pi\u00f9 elementi per aumentare la possibilit\u00e0 di stoccaggio.","breadcrumb":{"@id":"https:\/\/www.comistorage.com\/it\/prodotto\/contenitori-medi-in-rete-con-porta\/#breadcrumb"},"inLanguage":"it-IT","potentialAction":[{"@type":"ReadAction","target":["https:\/\/www.comistorage.com\/it\/prodotto\/contenitori-medi-in-rete-con-porta\/"]}]},{"@type":"ImageObject","inLanguage":"it-IT","@id":"https:\/\/www.comistorage.com\/it\/prodotto\/contenitori-medi-in-rete-con-porta\/#primaryimage","url":"https:\/\/www.comistorage.com\/wp-content\/uploads\/2022\/10\/LCR3GG12-1.jpg","contentUrl":"https:\/\/www.comistorage.com\/wp-content\/uploads\/2022\/10\/LCR3GG12-1.jpg","width":1000,"height":1000,"caption":"Contenitori portata 1000 kg con porta"},{"@type":"BreadcrumbList","@id":"https:\/\/www.comistorage.com\/it\/prodotto\/contenitori-medi-in-rete-con-porta\/#breadcrumb","itemListElement":[{"@type":"ListItem","position":1,"name":"Home","item":"https:\/\/www.comistorage.com\/it\/"},{"@type":"ListItem","position":2,"name":"Prodotti","item":"https:\/\/www.comistorage.com\/it\/prodotti\/"},{"@type":"ListItem","position":3,"name":"Contenitori portata 1000 kg con porta"}]},{"@type":"WebSite","@id":"https:\/\/www.comistorage.com\/it\/#website","url":"https:\/\/www.comistorage.com\/it\/","name":"COMI","description":"Contenitori industriali","publisher":{"@id":"https:\/\/www.comistorage.com\/it\/#organization"},"potentialAction":[{"@type":"SearchAction","target":{"@type":"EntryPoint","urlTemplate":"https:\/\/www.comistorage.com\/it\/?s={search_term_string}"},"query-input":{"@type":"PropertyValueSpecification","valueRequired":true,"valueName":"search_term_string"}}],"inLanguage":"it-IT"},{"@type":"Organization","@id":"https:\/\/www.comistorage.com\/it\/#organization","name":"COMI","url":"https:\/\/www.comistorage.com\/it\/","logo":{"@type":"ImageObject","inLanguage":"it-IT","@id":"https:\/\/www.comistorage.com\/it\/#\/schema\/logo\/image\/","url":"https:\/\/www.comistorage.com\/wp-content\/uploads\/2022\/10\/comi-logo.jpg","contentUrl":"https:\/\/www.comistorage.com\/wp-content\/uploads\/2022\/10\/comi-logo.jpg","width":861,"height":207,"caption":"COMI"},"image":{"@id":"https:\/\/www.comistorage.com\/it\/#\/schema\/logo\/image\/"}}]}},"_links":{"self":[{"href":"https:\/\/www.comistorage.com\/it\/wp-json\/wp\/v2\/product\/3000","targetHints":{"allow":["GET"]}}],"collection":[{"href":"https:\/\/www.comistorage.com\/it\/wp-json\/wp\/v2\/product"}],"about":[{"href":"https:\/\/www.comistorage.com\/it\/wp-json\/wp\/v2\/types\/product"}],"version-history":[{"count":11,"href":"https:\/\/www.comistorage.com\/it\/wp-json\/wp\/v2\/product\/3000\/revisions"}],"predecessor-version":[{"id":12940,"href":"https:\/\/www.comistorage.com\/it\/wp-json\/wp\/v2\/product\/3000\/revisions\/12940"}],"wp:featuredmedia":[{"embeddable":true,"href":"https:\/\/www.comistorage.com\/it\/wp-json\/wp\/v2\/media\/3735"}],"wp:attachment":[{"href":"https:\/\/www.comistorage.com\/it\/wp-json\/wp\/v2\/media?parent=3000"}],"wp:term":[{"taxonomy":"codice-articolo","embeddable":true,"href":"https:\/\/www.comistorage.com\/it\/wp-json\/wp\/v2\/codice-articolo?post=3000"},{"taxonomy":"product_brand","embeddable":true,"href":"https:\/\/www.comistorage.com\/it\/wp-json\/wp\/v2\/product_brand?post=3000"},{"taxonomy":"product_cat","embeddable":true,"href":"https:\/\/www.comistorage.com\/it\/wp-json\/wp\/v2\/product_cat?post=3000"},{"taxonomy":"product_tag","embeddable":true,"href":"https:\/\/www.comistorage.com\/it\/wp-json\/wp\/v2\/product_tag?post=3000"}],"curies":[{"name":"wp","href":"https:\/\/api.w.org\/{rel}","templated":true}]}}