{"id":3580,"date":"2022-10-26T09:47:12","date_gmt":"2022-10-26T07:47:12","guid":{"rendered":"https:\/\/www.comistorage.com\/?page_id=3580"},"modified":"2022-10-26T16:10:00","modified_gmt":"2022-10-26T14:10:00","slug":"note-legali-e-condizioni-di-utilizzo","status":"publish","type":"page","link":"https:\/\/www.comistorage.com\/it\/note-legali-e-condizioni-di-utilizzo\/","title":{"rendered":"Note Legali e Condizioni di Utilizzo"},"content":{"rendered":"<p><strong>1. Premessa<\/strong><\/p>\n<p>Le presenti Condizioni di utilizzo (le \u201cCondizioni\u201d) disciplinano le principali regole per un utilizzo sicuro e conforme alla legge del sito internet (il \u201cSito\u201d) che state consultando. Le presenti Condizioni di utilizzo sono state predisposte da Comi S.r.l., via Stazione Rossano 13 \u2013 36027 Ros\u00e0 (VI), telefono +39 0424 585455, P.I\/C.F\/N. Reg. Impr. 03498610249.<\/p>\n<p><strong>2. Diritti d\u2019autore e altri diritti di propriet\u00e0 intellettuale<\/strong><\/p>\n<p>2.1. Salvo sia diversamente precisato nei contenuti del Sito, i diritti d\u2019autore e ogni altro diritto di propriet\u00e0 intellettuale su tutti i materiali presenti sul Sito (ivi inclusi, senza limitazione alcuna, informazioni, testi, fotografie, immagini grafiche, brani audio e video, design, grafica, loghi, simboli, nomi, denominazioni di prodotti e aziende, cos\u00ec come tutto il software in esso contenuto) sono di propriet\u00e0 di Comi S.r.l. o dei suoi licenziatari. Parimenti i marchi, i loghi o i marchi di servizio presenti sul Sito (i \u201cMarchi\u201d) sono registrati da Comi S.r.l. o dai suoi licenziatari ovvero sono segni industriali sui quali Comi S.r.l. ovvero i suoi licenziatari vantano legittimi diritti di privativa industriale. Nulla di quanto contenuto in questo Sito potr\u00e0 essere interpretato come concessione di licenza o diritto di utilizzare i Marchi da parte di utenti o visitatori.<br \/>\nNon \u00e8 possibile acquisire diritti relativi al Sito mediante la sua consultazione o l\u2019utilizzo dei servizi che lo stesso Sito eroga.<br \/>\n2.2. \u00c8 possibile scaricare, visualizzare o stampare informazioni da questo Sito solo ed esclusivamente per uso lecito, personale, non commerciale alle seguenti condizioni:<br \/>\n&#8211; che non si modifichino in alcun modo i documenti presenti in questo Sito o la grafica ad essi relativa;<br \/>\n&#8211; che non si utilizzi la grafica presente nel Sito separatamente al testo corrispondente;<br \/>\n&#8211; che si mantenga e si riproduca ogni e qualsivoglia avviso relativo al diritto d\u2019autore o ad ogni altro diritto di propriet\u00e0 esclusiva contenuto nelle informazioni scaricate.<br \/>\n2.3. Agli utenti \u00e8 fatto divieto di distribuire, modificare, trasmettere, riutilizzare, re-inserire o utilizzare il contenuto di questo Sito per finalit\u00e0 pubbliche, inclusi il testo, le immagini, i suoni e i video senza l\u2019autorizzazione scritta di Comi S.r.l..<br \/>\n2.4. Comi S.r.l. non garantisce n\u00e9 dichiara che l\u2019utilizzo da parte degli utenti delle informazioni che appaiono su questo Sito non costituisca violazione dei diritti di soggetti terzi.<br \/>\n2.5. L\u2019utilizzo da parte degli utenti dei materiali presenti in questo Sito, fatta eccezione per quanto previsto nelle Condizioni o per quanto espressamente autorizzato per iscritto dal titolare, \u00e8 severamente vietato.<br \/>\n2.6. Fatto salvo quanto previsto al paragrafo 2.2, nessuna sezione di questo Sito potr\u00e0 essere riprodotta o salvata in un altro sito Internet o incorporata in un sistema o servizio di ricerca dati pubblico o privato senza la preventiva autorizzazione scritta di Comi S.r.l..<\/p>\n<p><strong>3. Clausola di esclusione della responsabilit\u00e0<\/strong><\/p>\n<p>3.1. Pur facendo tutto quanto \u00e8 nelle sue possibilit\u00e0 per inserire in questo Sito informazioni esatte ed aggiornate, Comi S.r.l. non presta garanzie n\u00e9 si assume alcuna responsabilit\u00e0 circa la correttezza e completezza delle informazioni pubblicate sullo stesso. Per quanto consentito dalla legge, Comi S.r.l. declina ogni responsabilit\u00e0 o obbligo di qualsiasi natura derivante o in qualunque modo connesso all\u2019utilizzo di questo Sito Internet. In particolare, Comi S.r.l. non sar\u00e0 responsabile dell\u2019esattezza, della completezza, dell\u2019adeguatezza, dell\u2019aggiornamento o dell\u2019esaustivit\u00e0 delle informazioni contenute in questo Sito.<br \/>\n3.2. Comi S.r.l. non si assume alcuna responsabilit\u00e0 n\u00e9 alcun obbligo per i danni o i virus che possano infettare i computer o altri dispositivi degli utenti a causa del loro accesso, utilizzo o navigazione all\u2019interno di questo Sito o per il fatto di aver scaricato dallo stesso materiali, dati, testi, immagini, file video o audio.<br \/>\n3.3. Comi S.r.l. si riserva il diritto di interrompere o sospendere, anche senza preavviso, una o tutte le funzionalit\u00e0 del Sito. Comi S.r.l. declina ogni responsabilit\u00e0 o obbligo di qualsiasi natura per l\u2019eventuale interruzione o sospensione di una o tutte le funzionalit\u00e0 del Sito, indipendentemente dal fatto che ci\u00f2 sia la conseguenza di atti od omissioni di Comi S.r.l. o di un soggetto terzo.<br \/>\n3.4. I materiali presenti in questo Sito, incluse le informazioni, possono contenere inesattezze tecniche o errori tipografici. Comi S.r.l. si riserva il diritto di apportare, in qualsiasi momento e senza preavviso, modifiche, correzioni e\/o miglioramenti a tali materiali (anche alle informazioni) e ai prodotti e ai programmi descritti in tali informazioni.<\/p>\n<p><strong>4. Materiali degli utenti<\/strong><\/p>\n<p>4.1. Fatto salvo quanto previsto nella Politica sulla Privacy (Privacy Policy) di Comi S.r.l., qualsiasi messaggio o materiale trasmesso al Sito Internet per posta elettronica o altro mezzo, ivi compresi dati, domande, commenti, suggerimenti o simili, \u00e8 e sar\u00e0 considerato non confidenziale e non soggetto ad alcun diritto di privativa o altra limitazione d&#8217;uso, se non diversamente ed espressamente indicato. Qualsiasi messaggio o materiale trasmesso o inserito dagli utenti diventa di propriet\u00e0 di Comi S.r.l. e potr\u00e0 essere utilizzato per qualsiasi finalit\u00e0, tra cui, a mero titolo esemplificativo ma non esaustivo, la riproduzione, la divulgazione, la trasmissione, la pubblicazione. Inoltre, Comi S.r.l. \u00e8 libera di utilizzare le idee, i concetti, le tecniche o i know-how contenuti nei messaggi inviati dagli utenti a questo Sito per qualsiasi finalit\u00e0, tra cui, a mero titolo esemplificativo ma non esaustivo, lo sviluppo, la fabbricazione e la commercializzazione dei prodotti utilizzando tali informazioni.<\/p>\n<p><strong>5. Comportamenti vietati degli utenti<\/strong><\/p>\n<p>5.1. L&#8217;utente non pu\u00f2 utilizzare o far utilizzare a fini commerciali a terzi il sito web e i dati ivi contenuti. Qualsiasi utilizzo per intento o utilit\u00e0 commerciale o di sfruttamento economico da parte degli utenti \u00e8 pertanto sempre espressamente vietato.<br \/>\n5.2. Sono altres\u00ec in ogni caso vietati:<br \/>\n&#8211; la modifica del Sito o di qualsiasi suo contenuto o modalit\u00e0 di accesso;<br \/>\n&#8211; i comportamenti che costituiscono reato ai sensi delle normative vigenti (per esempio i cosiddetti crimini informatici, come la violazione del domicilio informatico);<br \/>\n&#8211; le condotte che comportano violazione del diritto alla protezione dei dati personali e qualsiasi altro diritto personale e di esclusiva di qualsiasi persona fisica o giuridica;<\/p>\n<p>&#8211; \u00a0l\u2019inserimento nel Sito o la trasmissione allo o dallo stesso di materiali: i) che siano intimidatori, diffamatori, osceni, indecenti, sediziosi, offensivi, pornografici, violenti, suscettibili di istigare a qualsiasi forma di odio, discriminatori, minacciosi, scandalosi, provocanti, blasfemi, che violino la riservatezza e la privacy o che possano arrecare fastidio o disturbo; ii) per i quali non siano state ottenute tutte le necessarie licenze e\/o autorizzazioni; iii) che costituiscano o incoraggino comportamenti che possano configurare un reato penale, dare luogo a responsabilit\u00e0 civile o altrimenti violare la legge o i diritti di soggetti terzi in qualsiasi Paese del mondo;<br \/>\n&#8211; i comportamenti intesi a frazionare parti o sezioni del presente Sito e\/o a incorporarle in altri siti di soggetti terzi, a modificare, copiare, riprodurre, ripubblicare, rendere pubblico, trasmettere o distribuire in alcun modo il contenuto, in tutto o in parte, senza il preventivo assenso di Comi S.r.l., in violazione delle presenti Condizioni;<br \/>\n&#8211; il tentativo di accesso alle aree riservate del Sito senza profilo di autorizzazione;<br \/>\n&#8211; il caricamento di programmi informatici, file e altri materiali contenenti caratteristiche distruttive o di disturbo quali virus, file manipolati, worms, cavalli di troia e ogni altra ulteriore attivit\u00e0 in genere in grado di disturbare l&#8217;integrit\u00e0 o la funzionalit\u00e0 o la comunicazione on line del Sito e\/o di provocare al Sito un danno di tipo tecnico;<br \/>\n&#8211; in generale, l&#8217;utilizzo che causi o possa causare danneggiamento, interruzione o limitazione del Sito o di suoi servizi;<br \/>\n5.3. Comi S.r.l. collaborer\u00e0 pienamente con qualsiasi autorit\u00e0 di pubblica sicurezza e\/o ottemperer\u00e0 a qualsiasi ordinanza giudiziaria che richieda o imponga di rivelare l\u2019identit\u00e0 o il luogo di provenienza di chiunque abbia ad inserire materiali nocivi.<\/p>\n<p><strong>6. Responsabilit\u00e0 degli utenti registrati<\/strong><\/p>\n<p>6.1. Se si sceglie di registrarsi al Sito e diventare un utente registrato, si accetta di essere responsabile unico del proprio account (\u201cAccount\u201d) e di qualunque attivit\u00e0 svolta con il proprio Account, ivi comprese tutte le attivit\u00e0 poste in essere da persone che accedano all&#8217;Account con o senza il permesso dell&#8217;utente. Diventando un utente registrato, si accetta anche di:<br \/>\n&#8211; fornire informazioni veritiere, aggiornate, accurate e complete quando, di tanto in tanto, richieste da Comi S.r.l. e di comunicare tempestivamente eventuali modifiche alle proprie informazioni in modo che le informazioni dell&#8217;Account siano aggiornate, complete e accurate;<br \/>\n&#8211; mantenere la riservatezza e la sicurezza del proprio Account, compresi username e password;<br \/>\n&#8211; notificare a Comi S.r.l. immediatamente ad ogni uso non autorizzato del proprio Account, della password dell\u2019Account o dei servizi forniti attraverso l&#8217;Account, cos\u00ec come ad ogni violazione di sicurezza del proprio Account, della password dell\u2019Account o dei servizi forniti attraverso di esso;<br \/>\n&#8211; assistere Comi S.r.l., se e come richiesto, per porre fine o rimediare a qualsiasi violazione di sicurezza inerente al proprio Account.<\/p>\n<p><strong>7. Link a e da altri siti Internet<\/strong><\/p>\n<p>7.1. Comi S.r.l. non esercita alcun controllo sui siti ai quali \u00e8 collegato questo Sito e non presta alcuna garanzia sui contenuti in essi presenti e, inoltre, non ha sottoposto a verifica nessuno di tali siti, pertanto gli utenti prendono atto che Comi S.r.l. non \u00e8 responsabile per quanto contenuto nelle pagine esterne a questo Sito o in qualsiasi altro sito ad esso collegato. Gli utenti sono responsabili in via esclusiva per l\u2019accesso alle pagine esterne al Sito e ai link che rimandano a siti di soggetti terzi.<br \/>\n7.2. Collegarsi a questo Sito da pagine esterne allo stesso o da altri siti \u00e8 a rischio degli utenti. Con l\u2019utilizzo di tali link, gli utenti dichiarano di essere a conoscenza che si applicheranno la nota legale e la politica sulla privacy del Sito al quale ci si collega e che queste potrebbero essere diverse da quelle di Comi S.r.l.<br \/>\n7.3. \u00c8 fatto divieto agli utenti di utilizzare le tecniche del framing, dell\u2019in-line linking o di incorporare in altro modo sezioni del Sito in altri siti.<\/p>\n<p><strong>8. Accesso al Sito<\/strong><\/p>\n<p>8.1. Pur impegnandosi a garantire la regolare disponibilit\u00e0 del Sito 24 ore al giorno, Comi S.r.l. non sar\u00e0 ritenuta responsabile se, per qualsiasi motivo, il Sito dovesse risultare non disponibile in un determinato orario o per un determinato periodo.<br \/>\n8.2. L\u2019accesso a questo Sito potr\u00e0 essere temporaneamente sospeso senza preavviso in caso di guasto al sistema, manutenzione o riparazione o per cause al di fuori di ogni controllo di Comi S.r.l.<\/p>\n<p><strong>9. Legge applicabile e foro competente<\/strong><\/p>\n<p>9.1. Nell\u2019interpretazione e nell\u2019esecuzione delle presenti Condizioni di utilizzo sar\u00e0 applicabile esclusivamente la Legge italiana.<br \/>\n9.2. In caso di controversie scaturenti da o in qualsiasi modo connesse all\u2019uso del Sito o relative alle presenti Condizioni di utilizzo, la competenza esclusiva spetter\u00e0 al Foro di Vicenza.<\/p>\n<p><strong>10. Modifiche<\/strong><\/p>\n<p>10.1. Comi S.r.l. si riserva, in qualunque momento, il diritto di modificare le presenti Condizioni, anche senza preavviso. L\u2019utente \u00e8 invitato, pertanto, a consultare periodicamente il presente documento. L\u2019accesso o l\u2019uso del Sito in seguito alla pubblicazione delle modifiche alle Note legali e Condizioni di utilizzo comporta accettazione delle stesse da parte dell\u2019utente.<\/p>\n","protected":false},"excerpt":{"rendered":"<p>1. Premessa Le presenti Condizioni di utilizzo (le \u201cCondizioni\u201d) disciplinano le principali regole per un utilizzo sicuro e conforme alla legge del sito internet (il \u201cSito\u201d) che state consultando. Le presenti Condizioni di utilizzo sono state predisposte da Comi S.r.l., via Stazione Rossano 13 \u2013 36027 Ros\u00e0 (VI), telefono +39 0424 585455, P.I\/C.F\/N. Reg. Impr. [&hellip;]<\/p>\n","protected":false},"author":34,"featured_media":0,"parent":0,"menu_order":0,"comment_status":"closed","ping_status":"closed","template":"","meta":{"_acf_changed":false,"footnotes":""},"folder":[],"class_list":["post-3580","page","type-page","status-publish","hentry"],"acf":[],"yoast_head":"<!-- This site is optimized with the Yoast SEO plugin v27.3 - https:\/\/yoast.com\/product\/yoast-seo-wordpress\/ -->\n<title>Note Legali e Condizioni di Utilizzo - COMI<\/title>\n<meta name=\"robots\" content=\"noindex, follow\" \/>\n<meta property=\"og:locale\" content=\"it_IT\" \/>\n<meta property=\"og:type\" content=\"article\" \/>\n<meta property=\"og:title\" content=\"Note Legali e Condizioni di Utilizzo - COMI\" \/>\n<meta property=\"og:description\" content=\"1. Premessa Le presenti Condizioni di utilizzo (le \u201cCondizioni\u201d) disciplinano le principali regole per un utilizzo sicuro e conforme alla legge del sito internet (il \u201cSito\u201d) che state consultando. Le presenti Condizioni di utilizzo sono state predisposte da Comi S.r.l., via Stazione Rossano 13 \u2013 36027 Ros\u00e0 (VI), telefono +39 0424 585455, P.I\/C.F\/N. Reg. Impr. [&hellip;]\" \/>\n<meta property=\"og:url\" content=\"https:\/\/www.comistorage.com\/it\/note-legali-e-condizioni-di-utilizzo\/\" \/>\n<meta property=\"og:site_name\" content=\"COMI\" \/>\n<meta property=\"article:modified_time\" content=\"2022-10-26T14:10:00+00:00\" \/>\n<meta name=\"twitter:card\" content=\"summary_large_image\" \/>\n<meta name=\"twitter:label1\" content=\"Tempo di lettura stimato\" \/>\n\t<meta name=\"twitter:data1\" content=\"10 minuto\" \/>\n<script type=\"application\/ld+json\" class=\"yoast-schema-graph\">{\"@context\":\"https:\\\/\\\/schema.org\",\"@graph\":[{\"@type\":\"WebPage\",\"@id\":\"https:\\\/\\\/www.comistorage.com\\\/it\\\/note-legali-e-condizioni-di-utilizzo\\\/\",\"url\":\"https:\\\/\\\/www.comistorage.com\\\/it\\\/note-legali-e-condizioni-di-utilizzo\\\/\",\"name\":\"Note Legali e Condizioni di Utilizzo - COMI\",\"isPartOf\":{\"@id\":\"https:\\\/\\\/www.comistorage.com\\\/it\\\/#website\"},\"datePublished\":\"2022-10-26T07:47:12+00:00\",\"dateModified\":\"2022-10-26T14:10:00+00:00\",\"breadcrumb\":{\"@id\":\"https:\\\/\\\/www.comistorage.com\\\/it\\\/note-legali-e-condizioni-di-utilizzo\\\/#breadcrumb\"},\"inLanguage\":\"it-IT\",\"potentialAction\":[{\"@type\":\"ReadAction\",\"target\":[\"https:\\\/\\\/www.comistorage.com\\\/it\\\/note-legali-e-condizioni-di-utilizzo\\\/\"]}]},{\"@type\":\"BreadcrumbList\",\"@id\":\"https:\\\/\\\/www.comistorage.com\\\/it\\\/note-legali-e-condizioni-di-utilizzo\\\/#breadcrumb\",\"itemListElement\":[{\"@type\":\"ListItem\",\"position\":1,\"name\":\"Home\",\"item\":\"https:\\\/\\\/www.comistorage.com\\\/it\\\/\"},{\"@type\":\"ListItem\",\"position\":2,\"name\":\"Note Legali e Condizioni di Utilizzo\"}]},{\"@type\":\"WebSite\",\"@id\":\"https:\\\/\\\/www.comistorage.com\\\/it\\\/#website\",\"url\":\"https:\\\/\\\/www.comistorage.com\\\/it\\\/\",\"name\":\"COMI\",\"description\":\"Contenitori industriali\",\"publisher\":{\"@id\":\"https:\\\/\\\/www.comistorage.com\\\/it\\\/#organization\"},\"potentialAction\":[{\"@type\":\"SearchAction\",\"target\":{\"@type\":\"EntryPoint\",\"urlTemplate\":\"https:\\\/\\\/www.comistorage.com\\\/it\\\/?s={search_term_string}\"},\"query-input\":{\"@type\":\"PropertyValueSpecification\",\"valueRequired\":true,\"valueName\":\"search_term_string\"}}],\"inLanguage\":\"it-IT\"},{\"@type\":\"Organization\",\"@id\":\"https:\\\/\\\/www.comistorage.com\\\/it\\\/#organization\",\"name\":\"COMI\",\"url\":\"https:\\\/\\\/www.comistorage.com\\\/it\\\/\",\"logo\":{\"@type\":\"ImageObject\",\"inLanguage\":\"it-IT\",\"@id\":\"https:\\\/\\\/www.comistorage.com\\\/it\\\/#\\\/schema\\\/logo\\\/image\\\/\",\"url\":\"https:\\\/\\\/www.comistorage.com\\\/wp-content\\\/uploads\\\/2022\\\/10\\\/comi-logo.jpg\",\"contentUrl\":\"https:\\\/\\\/www.comistorage.com\\\/wp-content\\\/uploads\\\/2022\\\/10\\\/comi-logo.jpg\",\"width\":861,\"height\":207,\"caption\":\"COMI\"},\"image\":{\"@id\":\"https:\\\/\\\/www.comistorage.com\\\/it\\\/#\\\/schema\\\/logo\\\/image\\\/\"}}]}<\/script>\n<!-- \/ Yoast SEO plugin. -->","yoast_head_json":{"title":"Note Legali e Condizioni di Utilizzo - COMI","robots":{"index":"noindex","follow":"follow"},"og_locale":"it_IT","og_type":"article","og_title":"Note Legali e Condizioni di Utilizzo - COMI","og_description":"1. Premessa Le presenti Condizioni di utilizzo (le \u201cCondizioni\u201d) disciplinano le principali regole per un utilizzo sicuro e conforme alla legge del sito internet (il \u201cSito\u201d) che state consultando. Le presenti Condizioni di utilizzo sono state predisposte da Comi S.r.l., via Stazione Rossano 13 \u2013 36027 Ros\u00e0 (VI), telefono +39 0424 585455, P.I\/C.F\/N. Reg. Impr. [&hellip;]","og_url":"https:\/\/www.comistorage.com\/it\/note-legali-e-condizioni-di-utilizzo\/","og_site_name":"COMI","article_modified_time":"2022-10-26T14:10:00+00:00","twitter_card":"summary_large_image","twitter_misc":{"Tempo di lettura stimato":"10 minuto"},"schema":{"@context":"https:\/\/schema.org","@graph":[{"@type":"WebPage","@id":"https:\/\/www.comistorage.com\/it\/note-legali-e-condizioni-di-utilizzo\/","url":"https:\/\/www.comistorage.com\/it\/note-legali-e-condizioni-di-utilizzo\/","name":"Note Legali e Condizioni di Utilizzo - COMI","isPartOf":{"@id":"https:\/\/www.comistorage.com\/it\/#website"},"datePublished":"2022-10-26T07:47:12+00:00","dateModified":"2022-10-26T14:10:00+00:00","breadcrumb":{"@id":"https:\/\/www.comistorage.com\/it\/note-legali-e-condizioni-di-utilizzo\/#breadcrumb"},"inLanguage":"it-IT","potentialAction":[{"@type":"ReadAction","target":["https:\/\/www.comistorage.com\/it\/note-legali-e-condizioni-di-utilizzo\/"]}]},{"@type":"BreadcrumbList","@id":"https:\/\/www.comistorage.com\/it\/note-legali-e-condizioni-di-utilizzo\/#breadcrumb","itemListElement":[{"@type":"ListItem","position":1,"name":"Home","item":"https:\/\/www.comistorage.com\/it\/"},{"@type":"ListItem","position":2,"name":"Note Legali e Condizioni di Utilizzo"}]},{"@type":"WebSite","@id":"https:\/\/www.comistorage.com\/it\/#website","url":"https:\/\/www.comistorage.com\/it\/","name":"COMI","description":"Contenitori industriali","publisher":{"@id":"https:\/\/www.comistorage.com\/it\/#organization"},"potentialAction":[{"@type":"SearchAction","target":{"@type":"EntryPoint","urlTemplate":"https:\/\/www.comistorage.com\/it\/?s={search_term_string}"},"query-input":{"@type":"PropertyValueSpecification","valueRequired":true,"valueName":"search_term_string"}}],"inLanguage":"it-IT"},{"@type":"Organization","@id":"https:\/\/www.comistorage.com\/it\/#organization","name":"COMI","url":"https:\/\/www.comistorage.com\/it\/","logo":{"@type":"ImageObject","inLanguage":"it-IT","@id":"https:\/\/www.comistorage.com\/it\/#\/schema\/logo\/image\/","url":"https:\/\/www.comistorage.com\/wp-content\/uploads\/2022\/10\/comi-logo.jpg","contentUrl":"https:\/\/www.comistorage.com\/wp-content\/uploads\/2022\/10\/comi-logo.jpg","width":861,"height":207,"caption":"COMI"},"image":{"@id":"https:\/\/www.comistorage.com\/it\/#\/schema\/logo\/image\/"}}]}},"_links":{"self":[{"href":"https:\/\/www.comistorage.com\/it\/wp-json\/wp\/v2\/pages\/3580","targetHints":{"allow":["GET"]}}],"collection":[{"href":"https:\/\/www.comistorage.com\/it\/wp-json\/wp\/v2\/pages"}],"about":[{"href":"https:\/\/www.comistorage.com\/it\/wp-json\/wp\/v2\/types\/page"}],"author":[{"embeddable":true,"href":"https:\/\/www.comistorage.com\/it\/wp-json\/wp\/v2\/users\/34"}],"replies":[{"embeddable":true,"href":"https:\/\/www.comistorage.com\/it\/wp-json\/wp\/v2\/comments?post=3580"}],"version-history":[{"count":1,"href":"https:\/\/www.comistorage.com\/it\/wp-json\/wp\/v2\/pages\/3580\/revisions"}],"predecessor-version":[{"id":3597,"href":"https:\/\/www.comistorage.com\/it\/wp-json\/wp\/v2\/pages\/3580\/revisions\/3597"}],"wp:attachment":[{"href":"https:\/\/www.comistorage.com\/it\/wp-json\/wp\/v2\/media?parent=3580"}],"wp:term":[{"taxonomy":"folder","embeddable":true,"href":"https:\/\/www.comistorage.com\/it\/wp-json\/wp\/v2\/folder?post=3580"}],"curies":[{"name":"wp","href":"https:\/\/api.w.org\/{rel}","templated":true}]}}