{"id":3529,"date":"2022-10-26T09:30:19","date_gmt":"2022-10-26T07:30:19","guid":{"rendered":"https:\/\/www.comistorage.com\/?page_id=3529"},"modified":"2022-10-26T16:10:16","modified_gmt":"2022-10-26T14:10:16","slug":"privacy-policy","status":"publish","type":"page","link":"https:\/\/www.comistorage.com\/it\/privacy-policy\/","title":{"rendered":"Privacy Policy"},"content":{"rendered":"<p>Questo documento riporta la politica sulla riservatezza dei dati personali applicata da Comi S.r.l., societ\u00e0 che gestisce i contenuti del sito internet www.comistorage.com (il \u201cSito\u201d). Esso intende descrivere le modalit\u00e0 di gestione del trattamento dei dati personali eventualmente raccolti presso i Visitatori (soggetti che si limitino a sfogliare le pagine che compongono il Sito) ovvero presso gli Utenti (soggetti che, invece, usufruiscano dei servizi che Comi S.r.l. eroga tramite il Sito). La presente politica sulla riservatezza mira a recepire quanto contenuto nel c.d. Codice della Privacy (D.Lgs 196\/2003) e quanto contenuto nel Regolamento (UE) 2016\/679 in relazione alla protezione delle persone fisiche con riguardo al trattamento dei dati personali (\u201cGDPR\u201d).<br \/>\nSi precisa che la presente informativa non riguarda siti web diversi dal Sito che siano eventualmente raggiungibili o consultabili tramite collegamenti (link) presenti sul Sito. Si consigliano i Visitatori e gli Utenti che si colleghino a tali diversi siti di accedere alle relative sezioni dedicate alla riservatezza.<\/p>\n<h2>TITOLARE DEL TRATTAMENTO<\/h2>\n<p>Titolare del Trattamento dei dati personali trattati a seguito della consultazione del Sito e di ogni altro dato utilizzato per la fornitura di eventuali servizi, \u00e8 Comi S.r.l., con sede legale in via Stazione Rossano 13 \u2013 36027 Ros\u00e0 (VI).<\/p>\n<h3>LUOGO E FINALIT\u00c0 DEL TRATTAMENTO DEI DATI<\/h3>\n<p>Il trattamento dei dati raccolti dal Sito \u00e8 effettuato presso la sede di Comi S.r.l. (sopra indicata) ed \u00e8 curata esclusivamente da dipendenti o collaboratori di Comi S.r.l. specificatamente incaricati a tali compiti. I dati personali acquisiti per effetto della consultazione del Sito, registrazione al Sito o forniti da Visitatori e\/o Utenti che inoltrino richieste di informazioni, sono utilizzati al solo fine di eseguire il servizio o la prestazione richiesta e non sono comunicati a soggetti terzi, salvo che la comunicazione sia imposta da obblighi di legge o sia strettamente necessaria per l\u2019adempimento delle richieste. Nessun dato derivante dai servizi erogati viene comunicato o diffuso a terzi esterni ed estranei a Comi S.r.l.. Sulla base di specifico consenso da parte del Visitatore\/Utente alle attivit\u00e0 di marketing, Comi sar\u00e0 autorizzata ad inviare e-mail di natura promozionale (comprese le newsletter) e altre comunicazioni commerciali in formato elettronico relative a prodotti e\/o servizi di Comi o di altre societ\u00e0 del gruppo.<br \/>\nQualsiasi richiesta relativa al trattamento dei dati potr\u00e0 essere inviata o alla casella di posta elettronica certificata di Comi S.r.l. ovvero all\u2019indirizzo comi@pec.famispa.com<\/p>\n<h4>MODALIT\u00c0 DI RACCOLTA DEI DATI<\/h4>\n<p>I dati personali, di qualsiasi tipo, inviati dagli Utenti\/Visitatori del Sito per accedere ai suoi servizi ovvero per visualizzare determinati suoi contenuti ovvero per effettuare richieste via posta elettronica verranno archiviati in via cartacea o informatica. Consigliamo in ogni caso agli Utenti\/Visitatori di limitarsi, all\u2019atto della compilazione di campi di invio dati, di trasmettere solo ed esclusivamente le informazioni richieste e di non inviarne altre (come, ad esempio, nominativi o dati personali non richiesti, anche appartenenti a soggetti terzi).<br \/>\nQualora gli Utenti\/Visitatori inserissero volontariamente informazioni errate, fuorvianti o appartenenti a soggetti terzi (senza la preventiva autorizzazione di questi ultimi) Comi S.r.l. riterr\u00e0 il soggetto inviante quale responsabile per qualsivoglia pregiudizio l\u2019azienda possa ricevere per il solo fatto del trattamento di dati non inviati dal legittimo titolare.<\/p>\n<h4>ACQUISIZIONE DI DATI DI CARATTERE INFORMATICO<\/h4>\n<p>I sistemi informatici e le procedure software preposte al funzionamento del Sito acquisiscono, nel corso del loro normale esercizio, alcuni dati personali la cui trasmissione \u00e8 implicita nell\u2019uso dei protocolli di comunicazione di internet. Si tratta di informazioni che non sono raccolte per essere associate a interessati identificati, ma che per loro stessa natura potrebbero, attraverso elaborazioni ed associazioni con dati detenuti da terzi, permettere di identificare gli utenti. In questa categoria di dati rientrano gli indirizzi IP o i nomi a dominio dei computer utilizzati dagli utenti che si connettono al sito, gli indirizzi in notazione URI (Uniform Resource Identifier) delle risorse richieste, l\u2019orario della richiesta, il metodo utilizzato nel sottoporre la richiesta al server, la dimensione del file ottenuto in risposta, il codice numerico indicante lo stato della risposta data dal server (buon fine, errore, ecc.) ed altri parametri relativi al sistema operativo e all\u2019ambiente informatico dell\u2019utente. Questi dati vengono utilizzati al solo fine di ricavare informazioni statistiche anonime sull\u2019uso del sito e per controllarne il corretto funzionamento e vengono cancellati immediatamente dopo l\u2019elaborazione. In ogni caso invitiamo gli Utenti\/Visitatori del Sito a prendere buona visione della sezione relativa all\u2019utilizzo dei cookie. Le informazioni sui cookie utilizzati da Comi S.r.l. si possono trovare al seguente link https:\/\/www.comistorage.com\/it\/cookie\/<\/p>\n<h4>FACOLTATIVIT\u00c0 DEL CONFERIMENTO DEI DATI<\/h4>\n<p>A parte quanto specificato per i dati di carattere informatico, ogni Utente\/Visitatore \u00e8 libero di fornire i dati personali per sollecitare l\u2019invio di materiale informativo o richiedere gli altri tipi di servizi offerti da Comi S.r.l.. Il mancato conferimento dei dati personali richiesti pu\u00f2, ovviamente, comportare l\u2019impossibilit\u00e0 di ottenere il servizio poich\u00e9 il Sito non pu\u00f2 interagire con soggetti anonimi.<\/p>\n<h4>DIRITTI GARANTITI A UTENTI\/VISITATORI<\/h4>\n<p>I soggetti cui si riferiscono i dati personali hanno il diritto in qualunque momento di ottenere la conferma dell\u2019esistenza o meno dei medesimi dati e di conoscerne il contenuto e l\u2019origine, verificarne l\u2019esattezza o chiedere di integrarli, aggiornarli, oppure rettificarli. I soggetti cui si riferiscono i dati personali hanno, inoltre, il diritto di chiedere la cancellazione, la trasformazione in forma anonima o il blocco dei dati trattati in violazione di legge, nonch\u00e9 di opporsi in ogni caso, per motivi legittimi, al loro trattamento. Le relative richieste devono essere rivolte a Comi S.r.l., con sede legale in via Stazione Rossano 13 \u2013 36027 Ros\u00e0 (VI), ovvero tramite l\u2019utilizzo della sezione \u201ccontatti\u201d. Al fine di agevolare la possibilit\u00e0 di cancellazione dei dati di un Utente\/Visitatore il Sito, ove possibile, permette il veloce esercizio di tale facolt\u00e0 come avviene per il sistema delle Newsletter.<br \/>\nAi sensi del GDPR agli Utenti\/Visitatori \u00e8 sempre riconosciuta la possibilit\u00e0 di:<br \/>\na) ottenere conferma dell\u2019esistenza del trattamento di propri dati personali (art. 15 GDPR);<br \/>\nb) chiederne la rettifica o l\u2019integrazione (art. 16 GDPR), la cancellazione (art. 17 GDPR) o la limitazione del trattamento (art. 18 GDPR);<br \/>\nc) richiederne la portabilit\u00e0 (art. 20 GDPR);<br \/>\nd) opporsi al trattamento (art. 21 GDPR) o revocare il consenso in qualsiasi momento (artt. 7, 8, 9 e 10 GDPR), fatta salva la liceit\u00e0 del trattamento ante revoca;<br \/>\ne) proporre reclamo a un\u2019autorit\u00e0 di controllo (Garante per la Privacy).<\/p>\n<h4>CONSERVAZIONE DEI DATI<\/h4>\n<p>I dati personali sono trattati in formato cartaceo e\/o con strumenti automatizzati, per il tempo necessario a conseguire gli scopi per cui sono stati raccolti. Specifiche misure di sicurezza sono osservate per prevenire la perdita dei dati, usi illeciti o non corretti ed accessi non autorizzati.<\/p>\n<h4>RICHIESTE \u2013 RECLAMI<\/h4>\n<p>Qualsiasi richiesta relativa al trattamento di dati personali potr\u00e0 essere rivolta all\u2019indirizzo info@comistorage.com senza necessit\u00e0 di particolari formule.<br \/>\nSi rende infine noto che l\u2019Utente\/Visitatore potr\u00e0 sempre rivolgersi al Garante della Privacy (www.garanteprivacy.it) per proporre reclamo in relazione a qualsiasi condotta che sia ritenuta come eseguita in violazione delle norme sulla privacy.<\/p>\n","protected":false},"excerpt":{"rendered":"<p>Questo documento riporta la politica sulla riservatezza dei dati personali applicata da Comi S.r.l., societ\u00e0 che gestisce i contenuti del sito internet www.comistorage.com (il \u201cSito\u201d). Esso intende descrivere le modalit\u00e0 di gestione del trattamento dei dati personali eventualmente raccolti presso i Visitatori (soggetti che si limitino a sfogliare le pagine che compongono il Sito) ovvero [&hellip;]<\/p>\n","protected":false},"author":34,"featured_media":0,"parent":0,"menu_order":0,"comment_status":"closed","ping_status":"closed","template":"","meta":{"_acf_changed":false,"footnotes":""},"folder":[],"class_list":["post-3529","page","type-page","status-publish","hentry"],"acf":[],"yoast_head":"<!-- This site is optimized with the Yoast SEO plugin v27.3 - https:\/\/yoast.com\/product\/yoast-seo-wordpress\/ -->\n<title>Privacy Policy - COMI<\/title>\n<meta name=\"robots\" content=\"noindex, follow\" \/>\n<meta property=\"og:locale\" content=\"it_IT\" \/>\n<meta property=\"og:type\" content=\"article\" \/>\n<meta property=\"og:title\" content=\"Privacy Policy - COMI\" \/>\n<meta property=\"og:description\" content=\"Questo documento riporta la politica sulla riservatezza dei dati personali applicata da Comi S.r.l., societ\u00e0 che gestisce i contenuti del sito internet www.comistorage.com (il \u201cSito\u201d). Esso intende descrivere le modalit\u00e0 di gestione del trattamento dei dati personali eventualmente raccolti presso i Visitatori (soggetti che si limitino a sfogliare le pagine che compongono il Sito) ovvero [&hellip;]\" \/>\n<meta property=\"og:url\" content=\"https:\/\/www.comistorage.com\/it\/privacy-policy\/\" \/>\n<meta property=\"og:site_name\" content=\"COMI\" \/>\n<meta property=\"article:modified_time\" content=\"2022-10-26T14:10:16+00:00\" \/>\n<meta name=\"twitter:card\" content=\"summary_large_image\" \/>\n<meta name=\"twitter:label1\" content=\"Tempo di lettura stimato\" \/>\n\t<meta name=\"twitter:data1\" content=\"7 minuto\" \/>\n<script type=\"application\/ld+json\" class=\"yoast-schema-graph\">{\"@context\":\"https:\\\/\\\/schema.org\",\"@graph\":[{\"@type\":\"WebPage\",\"@id\":\"https:\\\/\\\/www.comistorage.com\\\/it\\\/privacy-policy\\\/\",\"url\":\"https:\\\/\\\/www.comistorage.com\\\/it\\\/privacy-policy\\\/\",\"name\":\"Privacy Policy - COMI\",\"isPartOf\":{\"@id\":\"https:\\\/\\\/www.comistorage.com\\\/it\\\/#website\"},\"datePublished\":\"2022-10-26T07:30:19+00:00\",\"dateModified\":\"2022-10-26T14:10:16+00:00\",\"breadcrumb\":{\"@id\":\"https:\\\/\\\/www.comistorage.com\\\/it\\\/privacy-policy\\\/#breadcrumb\"},\"inLanguage\":\"it-IT\",\"potentialAction\":[{\"@type\":\"ReadAction\",\"target\":[\"https:\\\/\\\/www.comistorage.com\\\/it\\\/privacy-policy\\\/\"]}]},{\"@type\":\"BreadcrumbList\",\"@id\":\"https:\\\/\\\/www.comistorage.com\\\/it\\\/privacy-policy\\\/#breadcrumb\",\"itemListElement\":[{\"@type\":\"ListItem\",\"position\":1,\"name\":\"Home\",\"item\":\"https:\\\/\\\/www.comistorage.com\\\/it\\\/\"},{\"@type\":\"ListItem\",\"position\":2,\"name\":\"Privacy Policy\"}]},{\"@type\":\"WebSite\",\"@id\":\"https:\\\/\\\/www.comistorage.com\\\/it\\\/#website\",\"url\":\"https:\\\/\\\/www.comistorage.com\\\/it\\\/\",\"name\":\"COMI\",\"description\":\"Contenitori industriali\",\"publisher\":{\"@id\":\"https:\\\/\\\/www.comistorage.com\\\/it\\\/#organization\"},\"potentialAction\":[{\"@type\":\"SearchAction\",\"target\":{\"@type\":\"EntryPoint\",\"urlTemplate\":\"https:\\\/\\\/www.comistorage.com\\\/it\\\/?s={search_term_string}\"},\"query-input\":{\"@type\":\"PropertyValueSpecification\",\"valueRequired\":true,\"valueName\":\"search_term_string\"}}],\"inLanguage\":\"it-IT\"},{\"@type\":\"Organization\",\"@id\":\"https:\\\/\\\/www.comistorage.com\\\/it\\\/#organization\",\"name\":\"COMI\",\"url\":\"https:\\\/\\\/www.comistorage.com\\\/it\\\/\",\"logo\":{\"@type\":\"ImageObject\",\"inLanguage\":\"it-IT\",\"@id\":\"https:\\\/\\\/www.comistorage.com\\\/it\\\/#\\\/schema\\\/logo\\\/image\\\/\",\"url\":\"https:\\\/\\\/www.comistorage.com\\\/wp-content\\\/uploads\\\/2022\\\/10\\\/comi-logo.jpg\",\"contentUrl\":\"https:\\\/\\\/www.comistorage.com\\\/wp-content\\\/uploads\\\/2022\\\/10\\\/comi-logo.jpg\",\"width\":861,\"height\":207,\"caption\":\"COMI\"},\"image\":{\"@id\":\"https:\\\/\\\/www.comistorage.com\\\/it\\\/#\\\/schema\\\/logo\\\/image\\\/\"}}]}<\/script>\n<!-- \/ Yoast SEO plugin. -->","yoast_head_json":{"title":"Privacy Policy - COMI","robots":{"index":"noindex","follow":"follow"},"og_locale":"it_IT","og_type":"article","og_title":"Privacy Policy - COMI","og_description":"Questo documento riporta la politica sulla riservatezza dei dati personali applicata da Comi S.r.l., societ\u00e0 che gestisce i contenuti del sito internet www.comistorage.com (il \u201cSito\u201d). Esso intende descrivere le modalit\u00e0 di gestione del trattamento dei dati personali eventualmente raccolti presso i Visitatori (soggetti che si limitino a sfogliare le pagine che compongono il Sito) ovvero [&hellip;]","og_url":"https:\/\/www.comistorage.com\/it\/privacy-policy\/","og_site_name":"COMI","article_modified_time":"2022-10-26T14:10:16+00:00","twitter_card":"summary_large_image","twitter_misc":{"Tempo di lettura stimato":"7 minuto"},"schema":{"@context":"https:\/\/schema.org","@graph":[{"@type":"WebPage","@id":"https:\/\/www.comistorage.com\/it\/privacy-policy\/","url":"https:\/\/www.comistorage.com\/it\/privacy-policy\/","name":"Privacy Policy - COMI","isPartOf":{"@id":"https:\/\/www.comistorage.com\/it\/#website"},"datePublished":"2022-10-26T07:30:19+00:00","dateModified":"2022-10-26T14:10:16+00:00","breadcrumb":{"@id":"https:\/\/www.comistorage.com\/it\/privacy-policy\/#breadcrumb"},"inLanguage":"it-IT","potentialAction":[{"@type":"ReadAction","target":["https:\/\/www.comistorage.com\/it\/privacy-policy\/"]}]},{"@type":"BreadcrumbList","@id":"https:\/\/www.comistorage.com\/it\/privacy-policy\/#breadcrumb","itemListElement":[{"@type":"ListItem","position":1,"name":"Home","item":"https:\/\/www.comistorage.com\/it\/"},{"@type":"ListItem","position":2,"name":"Privacy Policy"}]},{"@type":"WebSite","@id":"https:\/\/www.comistorage.com\/it\/#website","url":"https:\/\/www.comistorage.com\/it\/","name":"COMI","description":"Contenitori industriali","publisher":{"@id":"https:\/\/www.comistorage.com\/it\/#organization"},"potentialAction":[{"@type":"SearchAction","target":{"@type":"EntryPoint","urlTemplate":"https:\/\/www.comistorage.com\/it\/?s={search_term_string}"},"query-input":{"@type":"PropertyValueSpecification","valueRequired":true,"valueName":"search_term_string"}}],"inLanguage":"it-IT"},{"@type":"Organization","@id":"https:\/\/www.comistorage.com\/it\/#organization","name":"COMI","url":"https:\/\/www.comistorage.com\/it\/","logo":{"@type":"ImageObject","inLanguage":"it-IT","@id":"https:\/\/www.comistorage.com\/it\/#\/schema\/logo\/image\/","url":"https:\/\/www.comistorage.com\/wp-content\/uploads\/2022\/10\/comi-logo.jpg","contentUrl":"https:\/\/www.comistorage.com\/wp-content\/uploads\/2022\/10\/comi-logo.jpg","width":861,"height":207,"caption":"COMI"},"image":{"@id":"https:\/\/www.comistorage.com\/it\/#\/schema\/logo\/image\/"}}]}},"_links":{"self":[{"href":"https:\/\/www.comistorage.com\/it\/wp-json\/wp\/v2\/pages\/3529","targetHints":{"allow":["GET"]}}],"collection":[{"href":"https:\/\/www.comistorage.com\/it\/wp-json\/wp\/v2\/pages"}],"about":[{"href":"https:\/\/www.comistorage.com\/it\/wp-json\/wp\/v2\/types\/page"}],"author":[{"embeddable":true,"href":"https:\/\/www.comistorage.com\/it\/wp-json\/wp\/v2\/users\/34"}],"replies":[{"embeddable":true,"href":"https:\/\/www.comistorage.com\/it\/wp-json\/wp\/v2\/comments?post=3529"}],"version-history":[{"count":2,"href":"https:\/\/www.comistorage.com\/it\/wp-json\/wp\/v2\/pages\/3529\/revisions"}],"predecessor-version":[{"id":3999,"href":"https:\/\/www.comistorage.com\/it\/wp-json\/wp\/v2\/pages\/3529\/revisions\/3999"}],"wp:attachment":[{"href":"https:\/\/www.comistorage.com\/it\/wp-json\/wp\/v2\/media?parent=3529"}],"wp:term":[{"taxonomy":"folder","embeddable":true,"href":"https:\/\/www.comistorage.com\/it\/wp-json\/wp\/v2\/folder?post=3529"}],"curies":[{"name":"wp","href":"https:\/\/api.w.org\/{rel}","templated":true}]}}